{"id":4114,"date":"2021-02-25T03:37:58","date_gmt":"2021-02-25T03:37:58","guid":{"rendered":"http:\/\/ottawaheritagefair.org\/?page_id=4114"},"modified":"2025-09-02T15:40:41","modified_gmt":"2025-09-02T15:40:41","slug":"formulaires-de-participation-etudiante","status":"publish","type":"page","link":"https:\/\/ottawaheritagefair.org\/fr\/formulaires-de-participation-etudiante\/","title":{"rendered":"Formulaires de participation \u00e9tudiante"},"content":{"rendered":"\n<h4 class=\"wp-block-heading\"><strong>Le formulaire d\u2019autorisation et consentement de l\u2019\u00e9l\u00e8ve<\/strong><\/h4>\n\n\n\n<p>Chaque inscription de projets doit aussi comprendre le Formulaire d\u2019autorisation et de consentement de l\u2019\u00e9l\u00e8ve, sign\u00e9 par un parent\/tuteur et par l\u2019\u00e9l\u00e8ve. <a href=\"https:\/\/ottawaheritagefair.org\/wp-content\/uploads\/2025\/09\/2026-STUDENT-PERMISSION-AND-MEDIA-RELEASE-FORM-FRENCH.docx\">Cliquez ici<\/a><a href=\"https:\/\/ottawaheritagefair.org\/wp-content\/uploads\/2022\/11\/2023-STUDENT-PERMISSION-AND-MEDIA-RELEASE-FORM-FRENCH.docx\"> <\/a>pour t\u00e9l\u00e9charger le document.<\/p>\n\n\n\n<h4 class=\"wp-block-heading\"><strong>Le formulaire d\u2019autorisation d\u2019entrevue<\/strong><\/h4>\n\n\n\n<p>L\u2019\u00e9l\u00e8ve peut aussi choisir d\u2019interviewer des personnes dans leur vid\u00e9o.&nbsp;Cependant, l\u2019\u00e9l\u00e8ve doit demander aux personnes interview\u00e9es de signer un formulaire de permission. <a href=\"https:\/\/ottawaheritagefair.org\/wp-content\/uploads\/2023\/04\/INTERVIEWEE-AUTHORIZATION-FORM-2023-FRENCH.docx\">Cliquez ici<\/a> pour t\u00e9l\u00e9charger le Formulaire d\u2019autorisation d\u2019entrevue.<\/p>\n\n\n\n<figure class=\"wp-block-image aligncenter size-large\"><img data-recalc-dims=\"1\" loading=\"lazy\" decoding=\"async\" width=\"1024\" height=\"852\" src=\"https:\/\/i0.wp.com\/ottawaheritagefair.org\/wp-content\/uploads\/2022\/05\/WEB-20220420_100637-1-2.jpg?resize=1024%2C852&#038;ssl=1\" alt=\"\" class=\"wp-image-8743\" srcset=\"https:\/\/i0.wp.com\/ottawaheritagefair.org\/wp-content\/uploads\/2022\/05\/WEB-20220420_100637-1-2.jpg?resize=1024%2C852&amp;ssl=1 1024w, https:\/\/i0.wp.com\/ottawaheritagefair.org\/wp-content\/uploads\/2022\/05\/WEB-20220420_100637-1-2.jpg?resize=300%2C250&amp;ssl=1 300w, https:\/\/i0.wp.com\/ottawaheritagefair.org\/wp-content\/uploads\/2022\/05\/WEB-20220420_100637-1-2.jpg?resize=768%2C639&amp;ssl=1 768w, https:\/\/i0.wp.com\/ottawaheritagefair.org\/wp-content\/uploads\/2022\/05\/WEB-20220420_100637-1-2.jpg?resize=1536%2C1278&amp;ssl=1 1536w, https:\/\/i0.wp.com\/ottawaheritagefair.org\/wp-content\/uploads\/2022\/05\/WEB-20220420_100637-1-2.jpg?w=2000&amp;ssl=1 2000w\" sizes=\"auto, (max-width: 1000px) 100vw, 1000px\" \/><\/figure>\n","protected":false},"excerpt":{"rendered":"<p>Le formulaire d\u2019autorisation et consentement de l\u2019\u00e9l\u00e8ve Chaque inscription de projets doit aussi comprendre le Formulaire d\u2019autorisation et de consentement de l\u2019\u00e9l\u00e8ve, sign\u00e9 par un parent\/tuteur et par l\u2019\u00e9l\u00e8ve. Cliquez ici pour t\u00e9l\u00e9charger le document. Le formulaire d\u2019autorisation d\u2019entrevue L\u2019\u00e9l\u00e8ve peut aussi choisir d\u2019interviewer des personnes dans leur vid\u00e9o.&nbsp;Cependant, l\u2019\u00e9l\u00e8ve doit demander aux personnes interview\u00e9es &hellip;<\/p>\n<p class=\"read-more\"> <a class=\"\" href=\"https:\/\/ottawaheritagefair.org\/fr\/formulaires-de-participation-etudiante\/\"> <span class=\"screen-reader-text\">Formulaires de participation \u00e9tudiante<\/span> Lire la suite\u00a0\u00bb<\/a><\/p>\n","protected":false},"author":1,"featured_media":0,"parent":0,"menu_order":0,"comment_status":"closed","ping_status":"closed","template":"brizy-blank-template.php","meta":{"site-sidebar-layout":"default","site-content-layout":"default","ast-global-header-display":"","ast-banner-title-visibility":"","ast-main-header-display":"","ast-hfb-above-header-display":"","ast-hfb-below-header-display":"","ast-hfb-mobile-header-display":"","site-post-title":"","ast-breadcrumbs-content":"","ast-featured-img":"","footer-sml-layout":"","theme-transparent-header-meta":"default","adv-header-id-meta":"","stick-header-meta":"","header-above-stick-meta":"","header-main-stick-meta":"","header-below-stick-meta":"","footnotes":""},"class_list":["post-4114","page","type-page","status-publish","hentry"],"jetpack_sharing_enabled":true,"_links":{"self":[{"href":"https:\/\/ottawaheritagefair.org\/fr\/wp-json\/wp\/v2\/pages\/4114","targetHints":{"allow":["GET"]}}],"collection":[{"href":"https:\/\/ottawaheritagefair.org\/fr\/wp-json\/wp\/v2\/pages"}],"about":[{"href":"https:\/\/ottawaheritagefair.org\/fr\/wp-json\/wp\/v2\/types\/page"}],"author":[{"embeddable":true,"href":"https:\/\/ottawaheritagefair.org\/fr\/wp-json\/wp\/v2\/users\/1"}],"replies":[{"embeddable":true,"href":"https:\/\/ottawaheritagefair.org\/fr\/wp-json\/wp\/v2\/comments?post=4114"}],"version-history":[{"count":30,"href":"https:\/\/ottawaheritagefair.org\/fr\/wp-json\/wp\/v2\/pages\/4114\/revisions"}],"predecessor-version":[{"id":9752,"href":"https:\/\/ottawaheritagefair.org\/fr\/wp-json\/wp\/v2\/pages\/4114\/revisions\/9752"}],"wp:attachment":[{"href":"https:\/\/ottawaheritagefair.org\/fr\/wp-json\/wp\/v2\/media?parent=4114"}],"curies":[{"name":"wp","href":"https:\/\/api.w.org\/{rel}","templated":true}]}}