{"id":5830,"date":"2021-03-05T21:55:44","date_gmt":"2021-03-05T21:55:44","guid":{"rendered":"http:\/\/ottawaheritagefair.org\/?page_id=5830"},"modified":"2024-09-08T15:58:17","modified_gmt":"2024-09-08T15:58:17","slug":"lignes-directrices-des-projets-et-les-exigences-du-contenu","status":"publish","type":"page","link":"https:\/\/ottawaheritagefair.org\/fr\/lignes-directrices-des-projets-et-les-exigences-du-contenu\/","title":{"rendered":"Lignes directrices des projets et les exigences du contenu"},"content":{"rendered":"\n<h4 class=\"wp-block-heading\"><em><strong>Lignes directrices<\/strong><\/em><\/h4>\n\n\n\n<figure class=\"wp-block-image alignright size-full is-resized\"><img data-recalc-dims=\"1\" loading=\"lazy\" decoding=\"async\" width=\"1024\" height=\"768\" src=\"https:\/\/i0.wp.com\/ottawaheritagefair.org\/wp-content\/uploads\/2021\/02\/2019-13.jpg?resize=1024%2C768&#038;ssl=1\" alt=\"\" class=\"wp-image-7415\" style=\"width:500px;height:undefinedpx\" srcset=\"https:\/\/i0.wp.com\/ottawaheritagefair.org\/wp-content\/uploads\/2021\/02\/2019-13.jpg?w=1024&amp;ssl=1 1024w, https:\/\/i0.wp.com\/ottawaheritagefair.org\/wp-content\/uploads\/2021\/02\/2019-13.jpg?resize=300%2C225&amp;ssl=1 300w, https:\/\/i0.wp.com\/ottawaheritagefair.org\/wp-content\/uploads\/2021\/02\/2019-13.jpg?resize=768%2C576&amp;ssl=1 768w, https:\/\/i0.wp.com\/ottawaheritagefair.org\/wp-content\/uploads\/2021\/02\/2019-13.jpg?resize=16%2C12&amp;ssl=1 16w\" sizes=\"auto, (max-width: 1000px) 100vw, 1000px\" \/><\/figure>\n\n\n\n<ul class=\"wp-block-list\">\n<li>La F\u00eate est offerte aux \u00e9l\u00e8ves de la 4e&nbsp;\u00e0 la 10e&nbsp;ann\u00e9e des Conseils scolaires catholiques et publiques francophones et anglophones de la r\u00e9gion d\u2019Ottawa-Carleton, des \u00c9coles Priv\u00e9es, des services \u00e9ducatifs de Pikwakanagan, ainsi qu\u2019aux \u00e9l\u00e8ves dans un programme d\u2019enseignement \u00e0 domicile.<\/li>\n\n\n\n<li>La F\u00eate r\u00e9gionale du patrimoine \u00e0 Ottawa est coordonn\u00e9e avec les \u00e9coles de la r\u00e9gion d\u2019Ottawa-Carleton. Les \u00e9l\u00e8ves int\u00e9ress\u00e9s \u00e0 participer doivent le faire par l\u2019interm\u00e9diaire de leur professeur ou de leur \u00e9cole.<\/li>\n\n\n\n<li>Le projet peut&nbsp;\u00eatre pr\u00e9sent\u00e9 par un \u00e9l\u00e8ve ou par un groupe d\u2019\u00e9l\u00e8ves (un maximum de 2 personnes par groupe).<\/li>\n\n\n\n<li>Le projet peut \u00eatre pr\u00e9sent\u00e9 en fran\u00e7ais ou en anglais, ou dans un format bilingue.<\/li>\n\n\n\n<li>Les professeurs dans des classes d\u2019immersion devront nous indiquer, dans le formulaire d\u2019inscription, le niveau de comp\u00e9tence linguistique des \u00e9l\u00e8ves qui pr\u00e9sentent des projets en fran\u00e7ais.<\/li>\n\n\n\n<li>Nous acceptons six projets par \u00e9cole.&nbsp;Apr\u00e8s la date d\u2019inscription, nous \u00e9valuerons le nombre de projets re\u00e7us et, ceci dit, nous pourrions accepter un plus grand nombre de projets par \u00e9cole au cas par cas selon les demandes. Nous voulons encourager la participation de toutes les \u00e9coles dans la r\u00e9gion d\u2019Ottawa.<\/li>\n\n\n\n<li>La date de tomb\u00e9e pour inscrire les projets est le 11 avril 2025.<\/li>\n<\/ul>\n\n\n\n<h4 class=\"wp-block-heading\"><strong><em>Exigences du&nbsp;contenu<\/em><\/strong><\/h4>\n\n\n\n<ul class=\"wp-block-list\">\n<li><ul style=\"--tw-border-spacing-x: 0; --tw-border-spacing-y: 0; --tw-translate-x: 0; --tw-translate-y: 0; --tw-rotate: 0; --tw-skew-x: 0; --tw-skew-y: 0; --tw-scale-x: 1; --tw-scale-y: 1; --tw-scroll-snap-strictness: proximity; --tw-ring-offset-width: 0px; --tw-ring-offset-color: #fff; --tw-ring-color: rgb(59 130 246 \/ 0.5); --tw-ring-offset-shadow: 0 0 #0000; --tw-ring-shadow: 0 0 #0000; --tw-shadow: 0 0 #0000; --tw-shadow-colored: 0 0 #0000; border: 0px; font-size: 16px; margin: 0px; outline: 0px; padding: 0px; vertical-align: baseline; list-style-position: outside; list-style-type: disc; orphans: 2; widows: 2;\"><li class=\"brz-css-fcjrq\" data-uniq-id=\"canuo\" data-generated-css=\"brz-css-qsfaj\" style=\"box-sizing: border-box; --tw-border-spacing-x: 0; --tw-border-spacing-y: 0; --tw-translate-x: 0; --tw-translate-y: 0; --tw-rotate: 0; --tw-skew-x: 0; --tw-skew-y: 0; --tw-scale-x: 1; --tw-scale-y: 1; --tw-scroll-snap-strictness: proximity; --tw-ring-offset-width: 0px; --tw-ring-offset-color: #fff; --tw-ring-color: rgb(59 130 246 \/ 0.5); --tw-ring-offset-shadow: 0 0 #0000; --tw-ring-shadow: 0 0 #0000; --tw-shadow: 0 0 #0000; --tw-shadow-colored: 0 0 #0000; border: 0px; font-size: var(--brz-paragraphfontsize); font-style: inherit; margin-right: 0px; margin-left: 2em; outline: 0px; padding: 0px; vertical-align: baseline; text-align: left; line-height: var(--brz-paragraphlineheight); letter-spacing: var(--brz-paragraphletterspacing); margin-top: 0px !important; margin-bottom: 0px !important; font-family: var(--brz-paragraphfontfamily) !important;\">\u00b7Le projet doit explorer un aspect de l\u2019histoire et du patrimoine du Canada, soit les l\u00e9gendes, les \u00e9v\u00e9nements cl\u00e9s, les r\u00e9alisations ou les h\u00e9ros du Canada. Parmi les sujets possibles sont : l\u2019histoire militaire, l\u2019histoire et la culture autochtone, l\u2019histoire r\u00e9gionale, la g\u00e9n\u00e9alogie, un personnage de l\u2019histoire du Canada, les lieux historiques et les monuments du Canada, la diversit\u00e9 multiculturelle, l\u2019histoire de l\u2019Ontario, l\u2019histoire des femmes, les biographies, la justice sociale, et le patrimoine naturel \u00e0 Ottawa.&nbsp;Voir&nbsp;<a class=\"link--external\" data-brz-link-type=\"external\" style=\"box-sizing: border-box; --tw-border-spacing-x: 0; --tw-border-spacing-y: 0; --tw-translate-x: 0; --tw-translate-y: 0; --tw-rotate: 0; --tw-skew-x: 0; --tw-skew-y: 0; --tw-scale-x: 1; --tw-scale-y: 1; --tw-scroll-snap-strictness: proximity; --tw-ring-offset-width: 0px; --tw-ring-offset-color: #fff; --tw-ring-color: rgb(59 130 246 \/ 0.5); --tw-ring-offset-shadow: 0 0 #0000; --tw-ring-shadow: 0 0 #0000; --tw-shadow: 0 0 #0000; --tw-shadow-colored: 0 0 #0000; border: 0px; font-style: inherit; margin: 0px; padding: 0px; vertical-align: baseline; display: inline;\" href=\"https:\/\/ottawaheritagefair.org\/fr\/selection-de-projets-et-sujets\/\"><em style=\"box-sizing: border-box; --tw-border-spacing-x: 0; --tw-border-spacing-y: 0; --tw-translate-x: 0; --tw-translate-y: 0; --tw-rotate: 0; --tw-skew-x: 0; --tw-skew-y: 0; --tw-scale-x: 1; --tw-scale-y: 1; --tw-scroll-snap-strictness: proximity; --tw-ring-offset-width: 0px; --tw-ring-offset-color: #fff; --tw-ring-color: rgb(59 130 246 \/ 0.5); --tw-ring-offset-shadow: 0 0 #0000; --tw-ring-shadow: 0 0 #0000; --tw-shadow: 0 0 #0000; --tw-shadow-colored: 0 0 #0000; border: 0px; margin: 0px; outline: 0px; padding: 0px; vertical-align: baseline; display: inline;\">S\u00e9lection de projets et sujets<\/em><\/a><em style=\"box-sizing: border-box; --tw-border-spacing-x: 0; --tw-border-spacing-y: 0; --tw-translate-x: 0; --tw-translate-y: 0; --tw-rotate: 0; --tw-skew-x: 0; --tw-skew-y: 0; --tw-scale-x: 1; --tw-scale-y: 1; --tw-scroll-snap-strictness: proximity; --tw-ring-offset-width: 0px; --tw-ring-offset-color: #fff; --tw-ring-color: rgb(59 130 246 \/ 0.5); --tw-ring-offset-shadow: 0 0 #0000; --tw-ring-shadow: 0 0 #0000; --tw-shadow: 0 0 #0000; --tw-shadow-colored: 0 0 #0000; border: 0px; margin: 0px; outline: 0px; padding: 0px; vertical-align: baseline; display: inline;\">.<\/em><\/li><\/ul><\/li>\n\n\n\n<li><ul style=\"--tw-border-spacing-x: 0; --tw-border-spacing-y: 0; --tw-translate-x: 0; --tw-translate-y: 0; --tw-rotate: 0; --tw-skew-x: 0; --tw-skew-y: 0; --tw-scale-x: 1; --tw-scale-y: 1; --tw-scroll-snap-strictness: proximity; --tw-ring-offset-width: 0px; --tw-ring-offset-color: #fff; --tw-ring-color: rgb(59 130 246 \/ 0.5); --tw-ring-offset-shadow: 0 0 #0000; --tw-ring-shadow: 0 0 #0000; --tw-shadow: 0 0 #0000; --tw-shadow-colored: 0 0 #0000; border: 0px; font-size: 16px; margin: 0px; outline: 0px; padding: 0px; vertical-align: baseline; list-style-position: outside; list-style-type: disc; orphans: 2; widows: 2;\"><li class=\"brz-css-fcjrq\" data-uniq-id=\"canuo\" data-generated-css=\"brz-css-qsfaj\" style=\"box-sizing: border-box; --tw-border-spacing-x: 0; --tw-border-spacing-y: 0; --tw-translate-x: 0; --tw-translate-y: 0; --tw-rotate: 0; --tw-skew-x: 0; --tw-skew-y: 0; --tw-scale-x: 1; --tw-scale-y: 1; --tw-scroll-snap-strictness: proximity; --tw-ring-offset-width: 0px; --tw-ring-offset-color: #fff; --tw-ring-color: rgb(59 130 246 \/ 0.5); --tw-ring-offset-shadow: 0 0 #0000; --tw-ring-shadow: 0 0 #0000; --tw-shadow: 0 0 #0000; --tw-shadow-colored: 0 0 #0000; border: 0px; font-size: var(--brz-paragraphfontsize); font-style: inherit; margin-right: 0px; margin-left: 2em; outline: 0px; padding: 0px; vertical-align: baseline; text-align: left; line-height: var(--brz-paragraphlineheight); letter-spacing: var(--brz-paragraphletterspacing); margin-top: 0px !important; margin-bottom: 0px !important; font-family: var(--brz-paragraphfontfamily) !important;\"><strong style=\"box-sizing: border-box; --tw-border-spacing-x: 0; --tw-border-spacing-y: 0; --tw-translate-x: 0; --tw-translate-y: 0; --tw-rotate: 0; --tw-skew-x: 0; --tw-skew-y: 0; --tw-scale-x: 1; --tw-scale-y: 1; --tw-scroll-snap-strictness: proximity; --tw-ring-offset-width: 0px; --tw-ring-offset-color: #fff; --tw-ring-color: rgb(59 130 246 \/ 0.5); --tw-ring-offset-shadow: 0 0 #0000; --tw-ring-shadow: 0 0 #0000; --tw-shadow: 0 0 #0000; --tw-shadow-colored: 0 0 #0000; border: 0px; font-style: inherit; margin: 0px; outline: 0px; padding: 0px; vertical-align: baseline;\">Le 30 septembre 2021 marquait la toute premi\u00e8re journ\u00e9e nationale de la v\u00e9rit\u00e9 et de la r\u00e9conciliation. Cette journ\u00e9e \u00e9tait l\u2019occasion de rendre hommage aux enfants disparus et aux survivants des pensionnats, leurs familles et leurs communaut\u00e9s. Nous encourageons les \u00e9l\u00e8ves \u00e0 d\u00e9couvrir la richesse et la diversit\u00e9 des cultures, des langues, des croyances spirituelles et des histoires des Premi\u00e8res Nations, des Inuits et des M\u00e9tis et de pr\u00e9senter les fruits de leur recherche lors de la journ\u00e9e de la F\u00eate.<\/strong><\/li><\/ul><\/li>\n\n\n\n<li><ul style=\"--tw-border-spacing-x: 0; --tw-border-spacing-y: 0; --tw-translate-x: 0; --tw-translate-y: 0; --tw-rotate: 0; --tw-skew-x: 0; --tw-skew-y: 0; --tw-scale-x: 1; --tw-scale-y: 1; --tw-scroll-snap-strictness: proximity; --tw-ring-offset-width: 0px; --tw-ring-offset-color: #fff; --tw-ring-color: rgb(59 130 246 \/ 0.5); --tw-ring-offset-shadow: 0 0 #0000; --tw-ring-shadow: 0 0 #0000; --tw-shadow: 0 0 #0000; --tw-shadow-colored: 0 0 #0000; border: 0px; font-size: 16px; margin: 0px; outline: 0px; padding: 0px; vertical-align: baseline; list-style-position: outside; list-style-type: disc; orphans: 2; widows: 2;\"><li class=\"brz-css-fcjrq\" data-uniq-id=\"canuo\" data-generated-css=\"brz-css-qsfaj\" style=\"box-sizing: border-box; --tw-border-spacing-x: 0; --tw-border-spacing-y: 0; --tw-translate-x: 0; --tw-translate-y: 0; --tw-rotate: 0; --tw-skew-x: 0; --tw-skew-y: 0; --tw-scale-x: 1; --tw-scale-y: 1; --tw-scroll-snap-strictness: proximity; --tw-ring-offset-width: 0px; --tw-ring-offset-color: #fff; --tw-ring-color: rgb(59 130 246 \/ 0.5); --tw-ring-offset-shadow: 0 0 #0000; --tw-ring-shadow: 0 0 #0000; --tw-shadow: 0 0 #0000; --tw-shadow-colored: 0 0 #0000; border: 0px; font-size: var(--brz-paragraphfontsize); font-style: inherit; margin-right: 0px; margin-left: 2em; outline: 0px; padding: 0px; vertical-align: baseline; text-align: left; line-height: var(--brz-paragraphlineheight); letter-spacing: var(--brz-paragraphletterspacing); margin-top: 0px !important; margin-bottom: 0px !important; font-family: var(--brz-paragraphfontfamily) !important;\"><span class=\"brz-cp-color7\" style=\"box-sizing: border-box; --tw-border-spacing-x: 0; --tw-border-spacing-y: 0; --tw-translate-x: 0; --tw-translate-y: 0; --tw-rotate: 0; --tw-skew-x: 0; --tw-skew-y: 0; --tw-scale-x: 1; --tw-scale-y: 1; --tw-scroll-snap-strictness: proximity; --tw-ring-offset-width: 0px; --tw-ring-offset-color: #fff; --tw-ring-color: rgb(59 130 246 \/ 0.5); --tw-ring-offset-shadow: 0 0 #0000; --tw-ring-shadow: 0 0 #0000; --tw-shadow: 0 0 #0000; --tw-shadow-colored: 0 0 #0000; border: 0px; font-size: inherit; font-style: inherit; margin: 0px; outline: 0px; padding: 0px; vertical-align: baseline; color: rgb(var(--brz-global-color7)); text-transform: initial; text-decoration: initial; font-family: inherit; line-height: inherit; letter-spacing: inherit; display: inline;\">Tous les ouvrages mentionn\u00e9s dans le projet doivent \u00eatre indiqu\u00e9s dans une bibliographie.<\/span><\/li><\/ul><\/li>\n\n\n\n<li><ul style=\"--tw-border-spacing-x: 0; --tw-border-spacing-y: 0; --tw-translate-x: 0; --tw-translate-y: 0; --tw-rotate: 0; --tw-skew-x: 0; --tw-skew-y: 0; --tw-scale-x: 1; --tw-scale-y: 1; --tw-scroll-snap-strictness: proximity; --tw-ring-offset-width: 0px; --tw-ring-offset-color: #fff; --tw-ring-color: rgb(59 130 246 \/ 0.5); --tw-ring-offset-shadow: 0 0 #0000; --tw-ring-shadow: 0 0 #0000; --tw-shadow: 0 0 #0000; --tw-shadow-colored: 0 0 #0000; border: 0px; font-size: 16px; margin: 0px; outline: 0px; padding: 0px; vertical-align: baseline; list-style-position: outside; list-style-type: disc; orphans: 2; widows: 2;\"><li class=\"brz-css-fcjrq\" data-uniq-id=\"canuo\" data-generated-css=\"brz-css-qsfaj\" style=\"box-sizing: border-box; --tw-border-spacing-x: 0; --tw-border-spacing-y: 0; --tw-translate-x: 0; --tw-translate-y: 0; --tw-rotate: 0; --tw-skew-x: 0; --tw-skew-y: 0; --tw-scale-x: 1; --tw-scale-y: 1; --tw-scroll-snap-strictness: proximity; --tw-ring-offset-width: 0px; --tw-ring-offset-color: #fff; --tw-ring-color: rgb(59 130 246 \/ 0.5); --tw-ring-offset-shadow: 0 0 #0000; --tw-ring-shadow: 0 0 #0000; --tw-shadow: 0 0 #0000; --tw-shadow-colored: 0 0 #0000; border: 0px; font-size: var(--brz-paragraphfontsize); font-style: inherit; margin-right: 0px; margin-left: 2em; outline: 0px; padding: 0px; vertical-align: baseline; text-align: left; line-height: var(--brz-paragraphlineheight); letter-spacing: var(--brz-paragraphletterspacing); margin-top: 0px !important; margin-bottom: 0px !important; font-family: var(--brz-paragraphfontfamily) !important;\"><span class=\"brz-cp-color7\" style=\"box-sizing: border-box; --tw-border-spacing-x: 0; --tw-border-spacing-y: 0; --tw-translate-x: 0; --tw-translate-y: 0; --tw-rotate: 0; --tw-skew-x: 0; --tw-skew-y: 0; --tw-scale-x: 1; --tw-scale-y: 1; --tw-scroll-snap-strictness: proximity; --tw-ring-offset-width: 0px; --tw-ring-offset-color: #fff; --tw-ring-color: rgb(59 130 246 \/ 0.5); --tw-ring-offset-shadow: 0 0 #0000; --tw-ring-shadow: 0 0 #0000; --tw-shadow: 0 0 #0000; --tw-shadow-colored: 0 0 #0000; border: 0px; font-size: inherit; font-style: inherit; margin: 0px; outline: 0px; padding: 0px; vertical-align: baseline; color: rgb(var(--brz-global-color7)); text-transform: initial; text-decoration: initial; font-family: inherit; line-height: inherit; letter-spacing: inherit; display: inline;\">La F\u00eate offre une occasion pour les \u00e9l\u00e8ves de raconter un r\u00e9cit unique de l\u2019histoire canadienne. Les projets peuvent comprendre des entrevues, des photographies anciennes et du mat\u00e9riel d\u2019archives, des d\u00e9guisements en costumes, des reconstitutions d\u2019\u00e9v\u00e9nements historiques, de la musique, et plus encore. Voir&nbsp;<\/span><a class=\"link--external\" data-brz-link-type=\"external\" style=\"box-sizing: border-box; --tw-border-spacing-x: 0; --tw-border-spacing-y: 0; --tw-translate-x: 0; --tw-translate-y: 0; --tw-rotate: 0; --tw-skew-x: 0; --tw-skew-y: 0; --tw-scale-x: 1; --tw-scale-y: 1; --tw-scroll-snap-strictness: proximity; --tw-ring-offset-width: 0px; --tw-ring-offset-color: #fff; --tw-ring-color: rgb(59 130 246 \/ 0.5); --tw-ring-offset-shadow: 0 0 #0000; --tw-ring-shadow: 0 0 #0000; --tw-shadow: 0 0 #0000; --tw-shadow-colored: 0 0 #0000; border: 0px; font-style: inherit; margin: 0px; padding: 0px; vertical-align: baseline; display: inline;\" href=\"https:\/\/ottawaheritagefair.org\/fr\/formats-de-projets\/\"><em style=\"box-sizing: border-box; --tw-border-spacing-x: 0; --tw-border-spacing-y: 0; --tw-translate-x: 0; --tw-translate-y: 0; --tw-rotate: 0; --tw-skew-x: 0; --tw-skew-y: 0; --tw-scale-x: 1; --tw-scale-y: 1; --tw-scroll-snap-strictness: proximity; --tw-ring-offset-width: 0px; --tw-ring-offset-color: #fff; --tw-ring-color: rgb(59 130 246 \/ 0.5); --tw-ring-offset-shadow: 0 0 #0000; --tw-ring-shadow: 0 0 #0000; --tw-shadow: 0 0 #0000; --tw-shadow-colored: 0 0 #0000; border: 0px; margin: 0px; outline: 0px; padding: 0px; vertical-align: baseline; display: inline;\">Formats de projet<\/em><\/a><em style=\"box-sizing: border-box; --tw-border-spacing-x: 0; --tw-border-spacing-y: 0; --tw-translate-x: 0; --tw-translate-y: 0; --tw-rotate: 0; --tw-skew-x: 0; --tw-skew-y: 0; --tw-scale-x: 1; --tw-scale-y: 1; --tw-scroll-snap-strictness: proximity; --tw-ring-offset-width: 0px; --tw-ring-offset-color: #fff; --tw-ring-color: rgb(59 130 246 \/ 0.5); --tw-ring-offset-shadow: 0 0 #0000; --tw-ring-shadow: 0 0 #0000; --tw-shadow: 0 0 #0000; --tw-shadow-colored: 0 0 #0000; border: 0px; margin: 0px; outline: 0px; padding: 0px; vertical-align: baseline; display: inline;\"> et <\/em><a class=\"link--external\" data-brz-link-type=\"external\" style=\"box-sizing: border-box; --tw-border-spacing-x: 0; --tw-border-spacing-y: 0; --tw-translate-x: 0; --tw-translate-y: 0; --tw-rotate: 0; --tw-skew-x: 0; --tw-skew-y: 0; --tw-scale-x: 1; --tw-scale-y: 1; --tw-scroll-snap-strictness: proximity; --tw-ring-offset-width: 0px; --tw-ring-offset-color: #fff; --tw-ring-color: rgb(59 130 246 \/ 0.5); --tw-ring-offset-shadow: 0 0 #0000; --tw-ring-shadow: 0 0 #0000; --tw-shadow: 0 0 #0000; --tw-shadow-colored: 0 0 #0000; border: 0px; font-style: inherit; margin: 0px; padding: 0px; vertical-align: baseline; display: inline;\" href=\"https:\/\/ottawaheritagefair.org\/fr\/information-sur-les-droits-dauteur\/\"><em style=\"box-sizing: border-box; --tw-border-spacing-x: 0; --tw-border-spacing-y: 0; --tw-translate-x: 0; --tw-translate-y: 0; --tw-rotate: 0; --tw-skew-x: 0; --tw-skew-y: 0; --tw-scale-x: 1; --tw-scale-y: 1; --tw-scroll-snap-strictness: proximity; --tw-ring-offset-width: 0px; --tw-ring-offset-color: #fff; --tw-ring-color: rgb(59 130 246 \/ 0.5); --tw-ring-offset-shadow: 0 0 #0000; --tw-ring-shadow: 0 0 #0000; --tw-shadow: 0 0 #0000; --tw-shadow-colored: 0 0 #0000; border: 0px; margin: 0px; outline: 0px; padding: 0px; vertical-align: baseline; display: inline;\">droits d\u2019auteur<\/em><\/a>&nbsp;pour plus de renseignements au sujet de l\u2019utilisation d\u2019images et de musique.<\/li><\/ul><\/li>\n<\/ul>\n\n\n\n<p>Les projets pour les F\u00eates du patrimoine devraient commencer par une question cl\u00e9 \u00e0 laquelle il faut trouver une r\u00e9ponse ayant une signification historique :<\/p>\n\n\n\n<ul class=\"wp-block-list\">\n<li>Pourquoi cet \u00e9v\u00e9nement ou personage est important? Il ne faudra surtout pas oublier certains personnages et faits historiques. Choisissez un exemple.<\/li>\n\n\n\n<li>Les projets pour les F\u00eates du patrimoine devraient commencer par une question cl\u00e9 \u00e0 laquelle il faut trouver une r\u00e9ponse ayant une signification historique :<\/li>\n\n\n\n<li>La preuve et l\u2019interpr\u00e9tation des \u00e9l\u00e9ments de preuve \u2013 Est-ce que votre interpr\u00e9tation sert \u00e0 corroborer vos conclusions?&nbsp;<\/li>\n\n\n\n<li>Les causes et cons\u00e9quences \u2013 Pourquoi ces \u00e9v\u00e9nements historiques ont t\u2019ils eu lieu et se sont produits de cette fa\u00e7on? Quelles sont les cons\u00e9quences?&nbsp;<\/li>\n\n\n\n<li>La continuit\u00e9 et les changements \u2013 Examinez les conditions de vie au fil du temps. Comparez-les aux conditions de vie de nos jours.&nbsp;<\/li>\n\n\n\n<li>La perspective \u2013 \u00c0 quoi ressemble le pass\u00e9 lorsque contempl\u00e9 au fil du temps?<\/li>\n\n\n\n<li>Le jugement \u00e9thique \u2013 Est-ce que la situation est juste ou \u00e9quitable?<\/li>\n<\/ul>\n\n\n\n<ul class=\"wp-block-list\">\n<li><\/li>\n<\/ul>\n\n\n\n<h4 class=\"wp-block-heading\"><strong><em>Le format de projet<\/em><\/strong><\/h4>\n\n\n\n<p>R\u00e9f\u00e9rez-vous au document <a href=\"https:\/\/ottawaheritagefair.org\/fr\/formats-de-projets\/\">Format de projet<\/a>.<\/p>\n\n\n\n<p>Divers formats seront accept\u00e9s \u2013 soit un projet avec un tableau de pr\u00e9sentation sur pied ou une pr\u00e9sentation num\u00e9rique telle&nbsp;qu\u2019une vid\u00e9o, une pr\u00e9sentation de diapositives ou une pr\u00e9sentation en format PDF.<\/p>\n\n\n\n<h4 class=\"wp-block-heading\"><em><strong>L\u2019\u00e9valuation des projets<\/strong><\/em><\/h4>\n\n\n\n<ul class=\"wp-block-list\">\n<li>La rubrique pour les juges sera achemin\u00e9e aux professeurs pour les aider \u00e0 guider les \u00e9l\u00e8ves alors qu\u2019ils pr\u00e9parent leurs projects. Le document est disponible <a href=\"https:\/\/ottawaheritagefair.org\/fr\/la-rubrique\/\">ici<\/a>.<\/li>\n\n\n\n<li>Les juges \u00e9valueront les projets le jour de la F\u00eate<\/li>\n\n\n\n<li>Les projets seront \u00e9valu\u00e9s par un comit\u00e9 de juges b\u00e9n\u00e9voles. Le comit\u00e9 est form\u00e9 de personnes francophones et anglophones, dans les domaines de l\u2019\u00e9ducation et de la mus\u00e9ologie, ainsi que des sp\u00e9cialistes du patrimoine.<\/li>\n\n\n\n<li>Les juges b\u00e9n\u00e9voles \u00e9valueront les projets la journ\u00e9e de la F\u00eate et il y aura des entrevues individuelles avec les \u00e9l\u00e8ves.<\/li>\n\n\n\n<li>Consultez la <a href=\"https:\/\/ottawaheritagefair.org\/fr\/la-rubrique\/\">Rubrique<\/a> pour les juges et partagez-la avec les \u00e9l\u00e8ves.<\/li>\n<\/ul>\n","protected":false},"excerpt":{"rendered":"<p>Lignes directrices Exigences du&nbsp;contenu Les projets pour les F\u00eates du patrimoine devraient commencer par une question cl\u00e9 \u00e0 laquelle il faut trouver une r\u00e9ponse ayant une signification historique : Le format de projet R\u00e9f\u00e9rez-vous au document Format de projet. Divers formats seront accept\u00e9s \u2013 soit un projet avec un tableau de pr\u00e9sentation sur pied ou &hellip;<\/p>\n<p class=\"read-more\"> <a class=\"\" href=\"https:\/\/ottawaheritagefair.org\/fr\/lignes-directrices-des-projets-et-les-exigences-du-contenu\/\"> <span class=\"screen-reader-text\">Lignes directrices des projets et les exigences du contenu<\/span> Lire la suite\u00a0\u00bb<\/a><\/p>\n","protected":false},"author":1,"featured_media":0,"parent":0,"menu_order":0,"comment_status":"closed","ping_status":"closed","template":"brizy-blank-template.php","meta":{"site-sidebar-layout":"default","site-content-layout":"default","ast-global-header-display":"","ast-banner-title-visibility":"","ast-main-header-display":"","ast-hfb-above-header-display":"","ast-hfb-below-header-display":"","ast-hfb-mobile-header-display":"","site-post-title":"","ast-breadcrumbs-content":"","ast-featured-img":"","footer-sml-layout":"","theme-transparent-header-meta":"default","adv-header-id-meta":"","stick-header-meta":"","header-above-stick-meta":"","header-main-stick-meta":"","header-below-stick-meta":"","footnotes":""},"class_list":["post-5830","page","type-page","status-publish","hentry"],"jetpack_sharing_enabled":true,"_links":{"self":[{"href":"https:\/\/ottawaheritagefair.org\/fr\/wp-json\/wp\/v2\/pages\/5830","targetHints":{"allow":["GET"]}}],"collection":[{"href":"https:\/\/ottawaheritagefair.org\/fr\/wp-json\/wp\/v2\/pages"}],"about":[{"href":"https:\/\/ottawaheritagefair.org\/fr\/wp-json\/wp\/v2\/types\/page"}],"author":[{"embeddable":true,"href":"https:\/\/ottawaheritagefair.org\/fr\/wp-json\/wp\/v2\/users\/1"}],"replies":[{"embeddable":true,"href":"https:\/\/ottawaheritagefair.org\/fr\/wp-json\/wp\/v2\/comments?post=5830"}],"version-history":[{"count":29,"href":"https:\/\/ottawaheritagefair.org\/fr\/wp-json\/wp\/v2\/pages\/5830\/revisions"}],"predecessor-version":[{"id":9612,"href":"https:\/\/ottawaheritagefair.org\/fr\/wp-json\/wp\/v2\/pages\/5830\/revisions\/9612"}],"wp:attachment":[{"href":"https:\/\/ottawaheritagefair.org\/fr\/wp-json\/wp\/v2\/media?parent=5830"}],"curies":[{"name":"wp","href":"https:\/\/api.w.org\/{rel}","templated":true}]}}