{"id":6846,"date":"2021-06-01T17:07:18","date_gmt":"2021-06-01T17:07:18","guid":{"rendered":"http:\/\/ottawaheritagefair.org\/?page_id=6846"},"modified":"2021-12-21T12:01:12","modified_gmt":"2021-12-21T12:01:12","slug":"la-fete-regionale-du-patrimoine-a-ottawa-de-2021","status":"publish","type":"page","link":"https:\/\/ottawaheritagefair.org\/fr\/2022-fair\/la-fete-regionale-du-patrimoine-a-ottawa-de-2021\/","title":{"rendered":"la F\u00eate r\u00e9gionale du patrimoine \u00e0 Ottawa de 2021"},"content":{"rendered":"\n<div style=\"height:100px\" aria-hidden=\"true\" class=\"wp-block-spacer\"><\/div>\n\n\n\n<h2 class=\"has-text-align-center wp-block-heading\"><strong>La c\u00e9r\u00e9monie virtuelle de la remise des prix<\/strong><\/h2>\n\n\n\n<p>Le 29 mai 2021 \u2014 Soyez des n\u00f4tres <strong>le jeudi 3 juin \u00e0 20 h<\/strong> pour la F\u00eate r\u00e9gionale du patrimoine \u00e0 Ottawa alors que nous soulignons les projets sur l\u2019histoire et le patrimoine du Canada cr\u00e9\u00e9s par les \u00e9l\u00e8ves de la r\u00e9gion d\u2019Ottawa. Diffus\u00e9e sur le r\u00e9seau de Rogers tv, cette c\u00e9r\u00e9monie virtuelle bilingue, anim\u00e9e par notre invit\u00e9 sp\u00e9cial Daniel Richer, crieur public officiel pour la r\u00e9gion de la capitale nationale, sert \u00e0 reconna\u00eetre l\u2019excellence et la cr\u00e9ativit\u00e9 des \u00e9l\u00e8ves gr\u00e2ce \u00e0 une vari\u00e9t\u00e9 de prix de nos partenaires communautaires.<\/p>\n\n\n\n<p>Bien que notre F\u00eate du patrimoine n\u2019a pas le m\u00eame format cette ann\u00e9e, nous sommes toutefois ravis de pouvoir rassembler tout le monde dans un regroupement virtuel afin de reconna\u00eetre les r\u00e9alisations et la cr\u00e9ativit\u00e9 des \u00e9l\u00e8ves.<\/p>\n\n\n\n<p>Cette ann\u00e9e, dix projets de recherche ont \u00e9t\u00e9 soumis par quatre \u00e9coles et nous sommes fiers de pouvoir annoncer les r\u00e9cipiendaires des prix sur le r\u00e9seau de Rogers tv. La c\u00e9r\u00e9monie comprendra des messages de nos \u00e9l\u00e8ves et de nos partenaires, d\u2019un juge b\u00e9n\u00e9vole et d\u2019un professeur, d\u2019une ancienne \u00e9tudiante de la f\u00eate, et bien plus encore.&nbsp; L\u2019\u00e9quipe de la f\u00eate du patrimoine a travaill\u00e9 fort cette ann\u00e9e \u00e0 la pr\u00e9paration de la f\u00eate virtuelle et \u00e0 la mise \u00e0 jour de notre site web. Cette \u00e9quipe va au-del\u00e0 des murs virtuels de notre comit\u00e9; elle comprend aussi nos professeurs, nos \u00e9l\u00e8ves, nos b\u00e9n\u00e9voles et nos partenaires. Ensemble, nous \u0153uvrons pour pr\u00e9server et partager l\u2019histoire du Canada pour les g\u00e9n\u00e9rations \u00e0 venir.<\/p>\n\n\n\n<p>Veuillez partager ce message avec vos contacts et invitez-les \u00e0 regarder la c\u00e9r\u00e9monie!<\/p>\n\n\n\n<h5 class=\"has-text-align-center wp-block-heading\">La c\u00e9r\u00e9monie virtuelle de la remise des prix<\/h5>\n\n\n\n<h5 class=\"has-text-align-center wp-block-heading\">de la F\u00eate r\u00e9gionale du patrimoine&nbsp;\u00e0&nbsp;Ottawa de 2021<strong><\/strong><\/h5>\n\n\n\n<p class=\"has-text-align-center\"><strong>Le jeudi 3 juin \u00e0 20 h<\/strong><\/p>\n\n\n\n<p class=\"has-text-align-center\"><strong>Le samedi 5 juin \u00e0 18 h (rediffusion)<\/strong><\/p>\n\n\n\n<p class=\"has-text-align-center\"><strong>Rogers tv c\u00e2ble 22<\/strong> &#8212; <a rel=\"noreferrer noopener\" href=\"http:\/\/tvrogers.com\/\" target=\"_blank\"><strong>http:\/\/tvrogers.com<\/strong><\/a><\/p>\n\n\n\n<p class=\"has-text-align-center\">YouTube (\u00e0 compter du 3 juin \u00e0 20 h)  <a href=\"https:\/\/www.youtube.com\/watch?v=HpyJSP05a6c\">https:\/\/www.youtube.com\/watch?v=HpyJSP05a6c<\/a><\/p>\n\n\n\n<p class=\"has-text-align-center\"><\/p>\n\n\n\n<p class=\"has-text-align-center\"><em>La F<\/em><em>\u00eate r<\/em><em>\u00e9gionale du patrimoine <\/em><em>\u00e0 Ottawa est r<\/em><em>\u00e9<\/em><em>alis<\/em><em>\u00e9<\/em><em>e gr\u00e2<\/em><em>ce au soutien de notre partenaire officiel, la Soci\u00e9<\/em><em>t<\/em><em>\u00e9 historique d<\/em><em>\u2019<\/em><em>Ottawa, de nos partenaires de l\u2019\u00e9<\/em><em>v<\/em><em>\u00e9nement, le Mus\u00e9e canadien de l&rsquo;histoire et le Mus\u00e9e canadien de la guerre,<\/em><em>&nbsp;<\/em><em>de notre partenaire m\u00e9<\/em><em>dia, Rogers tv,<\/em><em>&nbsp;<\/em><em>de nos partenaires de prix et du soutien financier de la Ville d&rsquo;Ottawa.<\/em><\/p>\n\n\n\n<h3 class=\"wp-block-heading\">&nbsp;<\/h3>\n\n\n\n<p><\/p>\n","protected":false},"excerpt":{"rendered":"<p>La c\u00e9r\u00e9monie virtuelle de la remise des prix Le 29 mai 2021 \u2014 Soyez des n\u00f4tres le jeudi 3 juin \u00e0 20 h pour la F\u00eate r\u00e9gionale du patrimoine \u00e0 Ottawa alors que nous soulignons les projets sur l\u2019histoire et le patrimoine du Canada cr\u00e9\u00e9s par les \u00e9l\u00e8ves de la r\u00e9gion d\u2019Ottawa. Diffus\u00e9e sur le &hellip;<\/p>\n<p class=\"read-more\"> <a class=\"\" href=\"https:\/\/ottawaheritagefair.org\/fr\/2022-fair\/la-fete-regionale-du-patrimoine-a-ottawa-de-2021\/\"> <span class=\"screen-reader-text\">la F\u00eate r\u00e9gionale du patrimoine \u00e0 Ottawa de 2021<\/span> Lire la suite\u00a0\u00bb<\/a><\/p>\n","protected":false},"author":1,"featured_media":0,"parent":7939,"menu_order":0,"comment_status":"closed","ping_status":"closed","template":"","meta":{"site-sidebar-layout":"default","site-content-layout":"default","ast-global-header-display":"","ast-banner-title-visibility":"","ast-main-header-display":"","ast-hfb-above-header-display":"","ast-hfb-below-header-display":"","ast-hfb-mobile-header-display":"","site-post-title":"","ast-breadcrumbs-content":"","ast-featured-img":"","footer-sml-layout":"","theme-transparent-header-meta":"default","adv-header-id-meta":"","stick-header-meta":"","header-above-stick-meta":"","header-main-stick-meta":"","header-below-stick-meta":"","footnotes":""},"class_list":["post-6846","page","type-page","status-publish","hentry"],"jetpack_sharing_enabled":true,"_links":{"self":[{"href":"https:\/\/ottawaheritagefair.org\/fr\/wp-json\/wp\/v2\/pages\/6846","targetHints":{"allow":["GET"]}}],"collection":[{"href":"https:\/\/ottawaheritagefair.org\/fr\/wp-json\/wp\/v2\/pages"}],"about":[{"href":"https:\/\/ottawaheritagefair.org\/fr\/wp-json\/wp\/v2\/types\/page"}],"author":[{"embeddable":true,"href":"https:\/\/ottawaheritagefair.org\/fr\/wp-json\/wp\/v2\/users\/1"}],"replies":[{"embeddable":true,"href":"https:\/\/ottawaheritagefair.org\/fr\/wp-json\/wp\/v2\/comments?post=6846"}],"version-history":[{"count":2,"href":"https:\/\/ottawaheritagefair.org\/fr\/wp-json\/wp\/v2\/pages\/6846\/revisions"}],"predecessor-version":[{"id":6848,"href":"https:\/\/ottawaheritagefair.org\/fr\/wp-json\/wp\/v2\/pages\/6846\/revisions\/6848"}],"up":[{"embeddable":true,"href":"https:\/\/ottawaheritagefair.org\/fr\/wp-json\/wp\/v2\/pages\/7939"}],"wp:attachment":[{"href":"https:\/\/ottawaheritagefair.org\/fr\/wp-json\/wp\/v2\/media?parent=6846"}],"curies":[{"name":"wp","href":"https:\/\/api.w.org\/{rel}","templated":true}]}}