{"id":7939,"date":"2021-12-21T15:34:14","date_gmt":"2021-12-21T15:34:14","guid":{"rendered":"https:\/\/ottawaheritagefair.org\/?page_id=7939"},"modified":"2026-02-06T20:52:49","modified_gmt":"2026-02-06T20:52:49","slug":"2022-fair","status":"publish","type":"page","link":"https:\/\/ottawaheritagefair.org\/fr\/2022-fair\/","title":{"rendered":"F\u00eate 2026"},"content":{"rendered":"\n<h3 class=\"wp-block-heading\"><br>F\u00eate 2026<\/h3>\n\n\n\n<figure class=\"wp-block-image size-large is-resized\"><img data-recalc-dims=\"1\" loading=\"lazy\" decoding=\"async\" width=\"1024\" height=\"683\" src=\"https:\/\/i0.wp.com\/ottawaheritagefair.org\/wp-content\/uploads\/2025\/09\/Web6-GROUP-IN-LEBRETON.jpg?resize=1024%2C683&#038;ssl=1\" alt=\"\" class=\"wp-image-9781\" style=\"object-fit:cover;width:1057px;height:500px\" srcset=\"https:\/\/i0.wp.com\/ottawaheritagefair.org\/wp-content\/uploads\/2025\/09\/Web6-GROUP-IN-LEBRETON.jpg?resize=1024%2C683&amp;ssl=1 1024w, https:\/\/i0.wp.com\/ottawaheritagefair.org\/wp-content\/uploads\/2025\/09\/Web6-GROUP-IN-LEBRETON.jpg?resize=300%2C200&amp;ssl=1 300w, https:\/\/i0.wp.com\/ottawaheritagefair.org\/wp-content\/uploads\/2025\/09\/Web6-GROUP-IN-LEBRETON.jpg?resize=768%2C512&amp;ssl=1 768w, https:\/\/i0.wp.com\/ottawaheritagefair.org\/wp-content\/uploads\/2025\/09\/Web6-GROUP-IN-LEBRETON.jpg?w=1500&amp;ssl=1 1500w\" sizes=\"auto, (max-width: 1000px) 100vw, 1000px\" \/><\/figure>\n\n\n\n<p>La F\u00eate r\u00e9gionale du patrimoine 2026<\/p>\n\n\n\n<p>La F\u00eate r\u00e9gionale du patrimoine\u00a0\u00e0 Ottawa a h\u00e2te de vous accueillir le <strong>mardi\u00a028\u00a0avril 2026<\/strong>\u00a0au Mus\u00e9e canadien de l&rsquo;histoire. Inscrivez d\u00e8s maintenant cette date\u00a0sur\u00a0votre\u00a0calendrier!<\/p>\n\n\n\n<p>Ce programme dynamique et&nbsp;\u00e9ducatif offre aux&nbsp;\u00e9l\u00e8ves une exp\u00e9rience d\u2019apprentissage personnelle et contribue&nbsp;\u00e0&nbsp;les sensibiliser davantage&nbsp;\u00e0 l\u2019histoire du Canada aux niveaux national, r\u00e9gional ou local.&nbsp;&nbsp;<\/p>\n\n\n\n<p>Nous esp\u00e9rons que vous vous joindrez \u00e0 nous en 2026 pour c\u00e9l\u00e9brer la r\u00e9ussite de nos \u00e9l\u00e8ves et la riche et diverse culture de notre patrimoine.<\/p>\n","protected":false},"excerpt":{"rendered":"<p>F\u00eate 2026 La F\u00eate r\u00e9gionale du patrimoine 2026 La F\u00eate r\u00e9gionale du patrimoine\u00a0\u00e0 Ottawa a h\u00e2te de vous accueillir le mardi\u00a028\u00a0avril 2026\u00a0au Mus\u00e9e canadien de l&rsquo;histoire. Inscrivez d\u00e8s maintenant cette date\u00a0sur\u00a0votre\u00a0calendrier! Ce programme dynamique et&nbsp;\u00e9ducatif offre aux&nbsp;\u00e9l\u00e8ves une exp\u00e9rience d\u2019apprentissage personnelle et contribue&nbsp;\u00e0&nbsp;les sensibiliser davantage&nbsp;\u00e0 l\u2019histoire du Canada aux niveaux national, r\u00e9gional ou local.&nbsp;&nbsp; Nous &hellip;<\/p>\n<p class=\"read-more\"> <a class=\"\" href=\"https:\/\/ottawaheritagefair.org\/fr\/2022-fair\/\"> <span class=\"screen-reader-text\">F\u00eate 2026<\/span> Lire la suite\u00a0\u00bb<\/a><\/p>\n","protected":false},"author":2,"featured_media":0,"parent":0,"menu_order":0,"comment_status":"closed","ping_status":"closed","template":"brizy-blank-template.php","meta":{"site-sidebar-layout":"default","site-content-layout":"default","ast-global-header-display":"","ast-banner-title-visibility":"","ast-main-header-display":"","ast-hfb-above-header-display":"","ast-hfb-below-header-display":"","ast-hfb-mobile-header-display":"","site-post-title":"","ast-breadcrumbs-content":"","ast-featured-img":"","footer-sml-layout":"","theme-transparent-header-meta":"default","adv-header-id-meta":"","stick-header-meta":"","header-above-stick-meta":"","header-main-stick-meta":"","header-below-stick-meta":"","footnotes":""},"class_list":["post-7939","page","type-page","status-publish","hentry"],"jetpack_sharing_enabled":true,"_links":{"self":[{"href":"https:\/\/ottawaheritagefair.org\/fr\/wp-json\/wp\/v2\/pages\/7939","targetHints":{"allow":["GET"]}}],"collection":[{"href":"https:\/\/ottawaheritagefair.org\/fr\/wp-json\/wp\/v2\/pages"}],"about":[{"href":"https:\/\/ottawaheritagefair.org\/fr\/wp-json\/wp\/v2\/types\/page"}],"author":[{"embeddable":true,"href":"https:\/\/ottawaheritagefair.org\/fr\/wp-json\/wp\/v2\/users\/2"}],"replies":[{"embeddable":true,"href":"https:\/\/ottawaheritagefair.org\/fr\/wp-json\/wp\/v2\/comments?post=7939"}],"version-history":[{"count":21,"href":"https:\/\/ottawaheritagefair.org\/fr\/wp-json\/wp\/v2\/pages\/7939\/revisions"}],"predecessor-version":[{"id":9830,"href":"https:\/\/ottawaheritagefair.org\/fr\/wp-json\/wp\/v2\/pages\/7939\/revisions\/9830"}],"wp:attachment":[{"href":"https:\/\/ottawaheritagefair.org\/fr\/wp-json\/wp\/v2\/media?parent=7939"}],"curies":[{"name":"wp","href":"https:\/\/api.w.org\/{rel}","templated":true}]}}