{"id":9298,"date":"2023-10-04T13:34:25","date_gmt":"2023-10-04T13:34:25","guid":{"rendered":"https:\/\/ottawaheritagefair.org\/?page_id=9298"},"modified":"2023-10-04T13:34:27","modified_gmt":"2023-10-04T13:34:27","slug":"une-video-sur-le-programme-des-fetes-du-patrimoine","status":"publish","type":"page","link":"https:\/\/ottawaheritagefair.org\/fr\/une-video-sur-le-programme-des-fetes-du-patrimoine\/","title":{"rendered":"Une vid\u00e9o sur le programme des F\u00eates du patrimoine"},"content":{"rendered":"\n<p>Enseignants! Offrez \u00e0 vos \u00e9l\u00e8ves l\u2019occasion de participer au programme des F\u00eates du patrimoine et aidez-les \u00e0 former la prochaine g\u00e9n\u00e9ration de penseurs et de leaders.<\/p>\n\n\n\n<p>Apprenez-en plus en visitant\u00a0<strong>en visitant\u00a0<a href=\"http:\/\/histoirecanada.ca\/FetesduPatrimoine\">HistoireCanada.ca\/FetesduPatrimoine<\/a><\/strong> ou en <strong>visionnant la vid\u00e9o\u00a0<\/strong><\/p>\n\n\n\n<figure class=\"wp-block-embed is-type-video is-provider-youtube wp-block-embed-youtube wp-embed-aspect-16-9 wp-has-aspect-ratio\"><div class=\"wp-block-embed__wrapper\">\n<div class=\"ast-oembed-container\" style=\"height: 100%;\"><iframe loading=\"lazy\" title=\"F\u00eates du patrimoine : Allumer la curiosit\u00e9, comprendre l&#039;histoire\" width=\"500\" height=\"281\" src=\"https:\/\/www.youtube.com\/embed\/5RogH7ZSpdI?feature=oembed\" frameborder=\"0\" allow=\"accelerometer; autoplay; clipboard-write; encrypted-media; gyroscope; picture-in-picture; web-share\" referrerpolicy=\"strict-origin-when-cross-origin\" allowfullscreen><\/iframe><\/div>\n<\/div><\/figure>\n","protected":false},"excerpt":{"rendered":"<p>Enseignants! Offrez \u00e0 vos \u00e9l\u00e8ves l\u2019occasion de participer au programme des F\u00eates du patrimoine et aidez-les \u00e0 former la prochaine g\u00e9n\u00e9ration de penseurs et de leaders. Apprenez-en plus en visitant\u00a0en visitant\u00a0HistoireCanada.ca\/FetesduPatrimoine ou en visionnant la vid\u00e9o\u00a0<\/p>\n","protected":false},"author":2,"featured_media":0,"parent":0,"menu_order":0,"comment_status":"closed","ping_status":"closed","template":"","meta":{"site-sidebar-layout":"default","site-content-layout":"default","ast-global-header-display":"","ast-banner-title-visibility":"","ast-main-header-display":"","ast-hfb-above-header-display":"","ast-hfb-below-header-display":"","ast-hfb-mobile-header-display":"","site-post-title":"","ast-breadcrumbs-content":"","ast-featured-img":"","footer-sml-layout":"","theme-transparent-header-meta":"","adv-header-id-meta":"","stick-header-meta":"","header-above-stick-meta":"","header-main-stick-meta":"","header-below-stick-meta":"","footnotes":""},"class_list":["post-9298","page","type-page","status-publish","hentry"],"jetpack_sharing_enabled":true,"_links":{"self":[{"href":"https:\/\/ottawaheritagefair.org\/fr\/wp-json\/wp\/v2\/pages\/9298","targetHints":{"allow":["GET"]}}],"collection":[{"href":"https:\/\/ottawaheritagefair.org\/fr\/wp-json\/wp\/v2\/pages"}],"about":[{"href":"https:\/\/ottawaheritagefair.org\/fr\/wp-json\/wp\/v2\/types\/page"}],"author":[{"embeddable":true,"href":"https:\/\/ottawaheritagefair.org\/fr\/wp-json\/wp\/v2\/users\/2"}],"replies":[{"embeddable":true,"href":"https:\/\/ottawaheritagefair.org\/fr\/wp-json\/wp\/v2\/comments?post=9298"}],"version-history":[{"count":1,"href":"https:\/\/ottawaheritagefair.org\/fr\/wp-json\/wp\/v2\/pages\/9298\/revisions"}],"predecessor-version":[{"id":9299,"href":"https:\/\/ottawaheritagefair.org\/fr\/wp-json\/wp\/v2\/pages\/9298\/revisions\/9299"}],"wp:attachment":[{"href":"https:\/\/ottawaheritagefair.org\/fr\/wp-json\/wp\/v2\/media?parent=9298"}],"curies":[{"name":"wp","href":"https:\/\/api.w.org\/{rel}","templated":true}]}}