{"id":9373,"date":"2022-04-09T13:56:10","date_gmt":"2022-04-09T13:56:10","guid":{"rendered":"https:\/\/ottawaheritagefair.org\/?page_id=9373"},"modified":"2026-03-03T08:29:15","modified_gmt":"2026-03-03T08:29:15","slug":"awards","status":"publish","type":"page","link":"https:\/\/ottawaheritagefair.org\/fr\/awards\/","title":{"rendered":"Prix"},"content":{"rendered":"\n<p><\/p>\n\n\n\n<h4 class=\"wp-block-heading\"><strong>Le Prix \u00ab Histoire locale \u00bb de la Ville d\u2019Ottawa&nbsp;<\/strong><\/h4>\n\n\n\n<p>Le prix \u00ab Histoire locale \u00bb sera d\u00e9cern\u00e9 \u00e0 un projet qui pr\u00e9sente des r\u00e9cits traitant de l\u2019histoire de la Ville d\u2019Ottawa. Un troph\u00e9e sera d\u00e9cern\u00e9 par la Ville d\u2019Ottawa.&nbsp;<\/p>\n\n\n\n<p>Site web : <a href=\"http:\/\/www.ottawa.ca\/en\/residents\/arts-culture-and-community\/museums-and-heritage\/heritage\">http:\/\/ottawa.ca\/fr\/residents\/arts-culture-et-communaute\/musees-et-patrimoine\/patrimoine<\/a><\/p>\n\n\n\n<h4 class=\"wp-block-heading\"><strong><strong>Le Prix \u00ab Bytown200 \u00bb de la Soci\u00e9t\u00e9 historique d\u2019Ottawa<\/strong><\/strong><\/h4>\n\n\n\n<p>Ce prix, d\u2019une valeur de 300 $, sera d\u00e9cern\u00e9 au meilleur projet qui refl\u00e8te soit Bytown, le canal Rideau, ou qui examine l\u2019mpact de la cr\u00e9ation de Bytown et\/ou du canal Rideau sur le peuple autochtone. <\/p>\n\n\n\n<p>Site web : <a href=\"https:\/\/www.historicalsocietyottawa.ca\">www.historicalsocietyottawa.ca<\/a><\/p>\n\n\n\n<h4 class=\"wp-block-heading\">&nbsp;<strong>Le Prix autochtone des chutes sacr\u00e9es de la Chaudi\u00e8re&nbsp;<\/strong><\/h4>\n\n\n\n<p>Le Prix autochtone des chutes sacr\u00e9es de la Chaudi\u00e8re reconna\u00eet un projet qui refl\u00e8te et c\u00e9l\u00e8bre l\u2019histoire, la culture et les traditions autochtones de la r\u00e9gion d\u2019Ottawa, ou qui examine l\u2019impact du colonialisme sur le peuple autochtone dans la r\u00e9gion d\u2019Ottawa. Un prix d\u2019une valeur de 300 $ et un certificat.&nbsp;<\/p>\n\n\n\n<p>Site web :<a href=\"Website: www.historicalsocietyottawa.ca\"> www.historicalsocietyottawa.ca<\/a><\/p>\n\n\n\n<h4 class=\"wp-block-heading\">&nbsp;<strong>Le Prix du Mus\u00e9e canadien de l\u2019histoire&nbsp;<\/strong><\/h4>\n\n\n\n<p>Le Prix du Mus\u00e9e canadien de l\u2019histoire sera remis \u00e0 l\u2019\u00e9l\u00e8ve ou au groupe d\u2019\u00e9l\u00e8ves dont le projet aura obtenu la note globale la plus \u00e9lev\u00e9e, toutes cat\u00e9gories confondues. Celles-ci comprennent la clart\u00e9, le traitement du sujet et son importance pour le patrimoine canadien, l\u2019originalit\u00e9 de la pr\u00e9sentation, l\u2019interpr\u00e9tation critique des donn\u00e9es de recherche et l\u2019int\u00e9r\u00eat historique du projet. Le gagnant ou la gagnante recevra un certificat et une lettre l\u2019invitant \u00e0 venir visiter, avec sa famille, l\u2019arri\u00e8re-sc\u00e8ne du Mus\u00e9e canadien de l\u2019histoire ou du Mus\u00e9e canadien de la guerre, ainsi qu\u2019une adh\u00e9sion familiale annuelle aux deux \u00e9tablissements. Le&nbsp;gagnant ou la gagnante pourra communiquer avec Claudia Bertrand, coordonnatrice aux \u00e9v\u00e8nements sp\u00e9ciaux et aux partenariats, \u00e0 claudia.bertrand@museedelhistoire.ca ou au 613-286-5064, pour coordonner la visite sp\u00e9ciale et la remise du prix.&nbsp;<\/p>\n\n\n\n<p><em><em>Un d\u00e9cor \u00e0 couper le souffle. Une architecture grandiose. Des expositions passionnantes.&nbsp;<\/em><\/em><\/p>\n\n\n\n<p>Le Mus\u00e9e canadien de l\u2019histoire explore le riche patrimoine culturel du pays, y compris les remarquables r\u00e9alisations des Premiers Peuples. Situ\u00e9 au coeur de la r\u00e9gion de la capitale nationale, le Mus\u00e9e, con\u00e7u par l\u2019architecte canadien Douglas Cardinal, est un v\u00e9ritable joyau architectural. Son mandat est d\u2019accroitre la connaissance, la compr\u00e9hension et le degr\u00e9 d\u2019appr\u00e9ciation du public \u00e0 l\u2019\u00e9gard d\u2019\u00e9v\u00e8nements, d\u2019exp\u00e9riences, de personnalit\u00e9s et d\u2019objets qui incarnent l\u2019histoire et l\u2019identit\u00e9 canadiennes, tout en le sensibilisant \u00e0 l\u2019histoire du monde et aux autres cultures.&nbsp;<\/p>\n\n\n\n<p>Site web : <a href=\"https:\/\/www.museedelhistoire.ca\">https:\/\/www.museedelhistoire.ca<\/a><\/p>\n\n\n\n<p><em><em><em>Architecture saisissante. Histoires touchantes. Expositions d\u2019envergure.&nbsp;<\/em><\/em><\/em><\/p>\n\n\n\n<p>Le Mus\u00e9e canadien de la guerre est le mus\u00e9e national d\u2019histoire militaire au Canada et l\u2019un des centres mus\u00e9ologiques les plus respect\u00e9s au monde en ce qui a trait \u00e0 l\u2019\u00e9tude et \u00e0 la compr\u00e9hension des conflits arm\u00e9s. Le Mus\u00e9e a pour mission de faire comprendr au grand public l\u2019histoire militaire du Canada dans ses dimensions&nbsp;individuelles, nationales et internationales, racont\u00e9 au moyen d\u2019artefacts,&nbsp;d\u2019histoires v\u00e9cues, d\u2019oeuvres d\u2019art, de photographies et de pr\u00e9sentations interactives.&nbsp;<\/p>\n\n\n\n<p>Site web : <a href=\"https:\/\/www.warmuseum.ca\/\">https:\/\/www.warmuseum.ca\/<\/a><\/p>\n\n\n\n<h4 class=\"wp-block-heading\">Le Prix des Amis du Mus\u00e9e canadien de la guerre&nbsp;<\/h4>\n\n\n\n<p>Les Amis du Mus\u00e9e canadien de la guerre offrent deux prix de 100 $ chacun <em>pour un projet qui d\u00e9crit un \u00e9v\u00e9nement ou un aspect de l\u2019histoire militaire du Canada jusqu\u2019\u00e0 nos jours<\/em>. Un prix de 100 $ sera attribu\u00e9 \u00e0 un projet en anglais. Le deuxi\u00e8me prix de 100 $ sera attribu\u00e9 \u00e0 un projet en fran\u00e7ais. Les gagnants deviendront aussi membres pour un an \u00e0 l\u2019organisation des Amis du Mus\u00e9e canadien de la guerre. Les noms et les photos des gagnants et une description de leurs projets appara\u00eetront dans le bulletin des Amis, <em>Le flambeau<\/em>, ainsi que dans leur bulletin \u00e9lectronique et sur leur site Web.&nbsp;<\/p>\n\n\n\n<p>Site web : <a href=\"https:\/\/friends-amis.org\/fr\/\">https:\/\/friends-amis.org\/fr\/<\/a><\/p>\n\n\n\n<h4 class=\"wp-block-heading\"><strong>Le Prix de Patrimoine Ottawa&nbsp;<\/strong><\/h4>\n\n\n\n<p>Le Prix (un certificat et un prix de 100$) sera accord\u00e9 \u00e0 un projet dont la recherche porte sur un lieu patrimonial reconnu par la Ville d\u2019Ottawa pour son importance locale, provinciale ou nationale. Selon le site des Lieux patrimoniaux du Canada, un lieu patrimonial est une structure, b\u00e2timent, groupe de b\u00e2timents, arrondissement, paysage, site arch\u00e9ologique ou autre lieu situ\u00e9 au Canada reconnu officiellement pour sa valeur patrimoniale par un autorit\u00e9 comp\u00e9tente dans une juridiction donn\u00e9e. Il y a des centaines de lieux \u00e0 Ottawa qui sont d\u00e9sign\u00e9s aux&nbsp;termes&nbsp;de la&nbsp;Loi&nbsp;sur&nbsp;le patrimoine de&nbsp;l&rsquo;Ontario&nbsp;ainsi que des biens patrimoniaux qui sont inscrits dans le R\u00e9gistre du patrimoine d\u2019Ottawa. Des bases de donn\u00e9es consultables sont disponibles sur le site web de la ville d\u2019Ottawa :<\/p>\n\n\n\n<p><a href=\"https:\/\/ottawa.ca\/fr\/urbanisme-amenagement-et-construction\/conservation-du-patrimoine\/biens-patrimoniaux\/les-ajouts-au-registre-du-patrimoine\">https:\/\/ottawa.ca\/fr\/urbanisme-amenagement-et-construction\/conservation-du-patrimoine\/biens-patrimoniaux\/les-ajouts-au-registre-du-patrimoine<\/a><\/p>\n\n\n\n<p>et<\/p>\n\n\n\n<p><a href=\"https:\/\/ottawa.ca\/fr\/urbanisme-amenagement-et-construction\/conservation-du-patrimoine\/biens-patrimoniaux\/designation-individuelle\/liste-des-proprietes-designees-individuellement\">https:\/\/ottawa.ca\/fr\/urbanisme-amenagement-et-construction\/conservation-du-patrimoine\/biens-patrimoniaux\/designation-individuelle\/liste-des-proprietes-designees-individuellement<\/a><\/p>\n\n\n\n<h4 class=\"wp-block-heading\"><strong><strong>Le Prix du R\u00e9seau des mus\u00e9es d\u2019Ottawa (RMO)&nbsp;<\/strong><\/strong><\/h4>\n\n\n\n<p>Le R\u00e9seau des mus\u00e9es d\u2019Ottawa (RMO) est un r\u00e9seau professionel qui appuie et aide \u00e0 maintenir les mus\u00e9es communautaires et municipaux d\u2019Ottawa. Le prix du RMO comprend un prix de 100 $ et un certificat. Ce prix sera d\u00e9cern\u00e9 \u00e0 un individu ou groupe qui pr\u00e9sente un projet de recherche soulignant les personnes, les histoires, les villages, les \u00e9difices, les espaces et\/ou les art\u00e9facts en provenance de l\u2019un des 12 mus\u00e9es membres du R\u00e9seau : le Lieu historique national du domaine Billings, le mus\u00e9e Bytown, le mus\u00e9e-village du patrimoine de Cumberland, la Dickinson House, le Diefenbunker, le mus\u00e9e canadien de la Guerre froide, la maison historique Fairfields, le mus\u00e9e de Goulbourn, le mus\u00e9e de Nepean, le mus\u00e9e du canton d\u2019Osgoode, le lieu historique de Pinhey\u2019s Point, le Mus\u00e9oparc Vanier et le Moulin Watson.&nbsp;<\/p>\n\n\n\n<p>Site web : <a href=\"https:\/\/ottawamuseumnetwork.ca\/fr\/\">https:\/\/ottawamuseumnetwork.ca\/fr\/<\/a><\/p>\n\n\n\n<p>Site web : <a href=\"http:\/\/ottawa.minisisinc.com\/ottawa\/scripts\/mwimain.dll?logon&amp;application=UNION_SEARCH_FR&amp;language=145&amp;file=%5bottawa_web%5dNewOPAC\/index-fr.html\">Collections archivistiques et mus\u00e9ales d&rsquo;Ottawa<\/a><\/p>\n\n\n\n<h4 class=\"wp-block-heading\"><strong>Le Prix de la Soci\u00e9t\u00e9 historique du Canton de Cumberland&nbsp;<\/strong><\/h4>\n\n\n\n<p>Deux prix d\u2019une valeur de 100 $ chacun seront remis \u00e0 deux projets de recherche qui traitent des lieux, des \u00e9v\u00e9nements ou des th\u00e8mes patrimoniaux qui ont marqu\u00e9 l\u2019histoire du comt\u00e9 de Cumberland. Les th\u00e8mes du projet peuvent comprendre : les b\u00e2timents et les lieux patrimoniaux; l\u2019\u00e9volution des m\u00e9thodes agricoles \u2013 des outils anciens aux outils modernes; les \u00e9coles \u00e0 classe unique l\u2019arriv\u00e9e de l\u2019\u00e9lectricit\u00e9 et du t\u00e9l\u00e9phone; l\u2019impact des panneaux solaires et des moulins \u00e0 vent dans les zones rurales; l\u2019impact du d\u00e9part des enfants de l ferme familiale; l\u2019histoire et la modernisation des m\u00e9thodes de production du sirop d\u2019\u00e9rable; la construction des fermes rurales et des ponts; et les nombreaux hameaux et villages \u00ab fant\u00f4mes \u00bb dans le comt\u00e9 de Cumberland.&nbsp;<\/p>\n\n\n\n<p>Site web : <a href=\"https:\/\/cths.ca\">https:\/\/cths.ca<\/a><\/p>\n\n\n\n<h4 class=\"wp-block-heading\"><strong>Le Prix Connexion Patrimoine de la Capitale&nbsp;<\/strong><\/h4>\n\n\n\n<p>Le Prix Connexion Patrimoine de la Capitale comprend un prix d\u2019une valeur de 100 $ qui sera attribu\u00e9 \u00e0 un projet en fran\u00e7ais et un autre prix de 100 $ pour un projet en anglais. Ce prix est d\u00e9cern\u00e9 \u00e0 un projet qui met l\u2019accent sur le patrimoine de la Capitale et qui comprend une bibliographie qui fait preuve de l\u2019utilisation de diverses ressources offertes par les membres de Connexion Patrimoine de la Capitale. Ces ressources comprennent les entrevues, le mat\u00e9riel d\u2019archives, les ressources primaires etc.&nbsp;<\/p>\n\n\n\n<p>Site web : <a href=\"https:\/\/www.capitalheritage.ca\/member-category\/all-members\">https:\/\/www.capitalheritage.ca\/member-category\/all-members<\/a><\/p>\n\n\n\n<h4 class=\"wp-block-heading\"><strong><strong><strong>Le Prix du Mus\u00e9e de l\u2019histoire ouvri\u00e8re<\/strong><\/strong><\/strong><\/h4>\n\n\n\n<p>Le Mus\u00e9e&nbsp;de l\u2019histoire ouvri\u00e8re pr\u00e9sentera un prix d\u2019une valeur de 100 $ \u00e0 un projet sur l\u2019histoire ouvri\u00e8re. Le projet devrait aborder l\u2019histoire&nbsp;de la classe ouvri\u00e8re, les travailleurs et les travailleuses ou les organisations de travailleurs.&nbsp;Le projet peut porter sur l\u2019agriculture, les communications, la construction, l\u2019\u00e9ducation, l\u2019\u00e9nergie, les usines, le gouvernement, les soins de sant\u00e9, la haute technologie,&nbsp;la fabrication, les usines, les loisirs, les ressources, les commerces, le tourisme, le transport etc., ainsi que tous les travailleurs et travailleuses, y compris les femmes, les travailleurs syndiqu\u00e9s, non syndiqu\u00e9s, marginalis\u00e9s, les immigr\u00e9s et les autochtones.<\/p>\n\n\n\n<h4 class=\"wp-block-heading\"><strong><strong><strong><strong>Le Prix de la British Isles Family History Society of Greater Ottawa (BIFHSGO<\/strong>)<\/strong><\/strong><\/strong><\/h4>\n\n\n\n<p>Le Prix de BIFHSGO sert \u00e0 reconna\u00eetre un projet qui souligne l\u2019histoire d\u2019une famille ou d\u2019un membre de la famille qui est descendant des \u00eeles britanniques. En plus d\u2019un prix de 100 $, le (la) gagnant(e) recevra un certificat, une adh\u00e9sion pour un an \u00e0 BIFHSGO ainsi que la possibilit\u00e9 de pr\u00e9senter leur projet lors d\u2019une r\u00e9union mensuelle de BIFHSGO.&nbsp;<\/p>\n\n\n\n<p>BIFHSGO est la principale soci\u00e9t\u00e9 canadienne d\u2019histoire familiale ax\u00e9e sur les \u00eeles britanniques. La Soci\u00e9t\u00e9 est reconnue au Canada, aux \u00c9tats-Unis, et au niveau international pour mettre en contact les chercheurs afin qu\u2019ils puissent \u00e9tablir des m\u00e9thodes d\u2019enqu\u00eates efficaces, fiables et pratiques, partager leurs connaissances, et inspirer d\u2019autres historiens de la famille par l\u2019interm\u00e9diaire des pr\u00e9sentations et des publications.&nbsp;<\/p>\n\n\n\n<p>Le site web de la BIFHSGO comprend un index de Noms dans lequel l\u2019utilisateur peut faire une recherche par nom ou par cat\u00e9gorie. L\u2019index comprend des milliers de dossiers compil\u00e9s par des b\u00e9n\u00e9voles de BIFHSGO. Tous les dossiers sont disponibles au public. Les trois cat\u00e9gories sont les dossiers sur les petits immigr\u00e9s anglais (\u00ab home children \u00bb), les militaires, et l\u2019immigration. Le travail se poursuit, en particulier pour les dossiers sur les enfants immigr\u00e9s anglais (\u00ab home children \u00bb), la plus grande cat\u00e9gorie. De nouveaux dossiers seront ajout\u00e9s cette ann\u00e9e.&nbsp;<\/p>\n\n\n\n<p>BIFHSGO est toujours heureuse d\u2019accueillir des visiteurs et des nouveaux membres. Pour en savoir plus, veuillez visiter le site web \u00e0 <a href=\"https:\/\/www.bifhsgo.ca\">https:\/\/www.bifhsgo.ca<\/a>.&nbsp;&nbsp;<\/p>\n\n\n\n<h4 class=\"wp-block-heading\"><strong><strong>Le Prix Histoire Canada pour la justice sociale<\/strong><\/strong><\/h4>\n\n\n\n<p>Pour un projet qui met en valeur une personne qui a marqu\u00e9 l\u2019histoire du Canada et qui a consacr\u00e9 temps et \u00e9nergie \u00e0 la question de la justice sociale, ou pour une histoire dans l\u2019avancement de la question de la justice sociale au Canada. Le prix : un certificat et un prix mon\u00e9taire.&nbsp;<\/p>\n\n\n\n<h4 class=\"wp-block-heading\"><strong>Le Prix de l&rsquo;histoire militaire<\/strong><\/h4>\n\n\n\n<p>Ce prix (100 $ et un certificat) sera accord\u00e9 au projet qui incarne parfaitement la contribution d&rsquo;un membre ou d&rsquo;une unit\u00e9 des forces arm\u00e9es. Le projet pourrait comm\u00e9morer la contribution d&rsquo;un individu aux efforts de guerre (par exemple, un canadien ou une canadienne qui s&rsquo;est m\u00e9rit\u00e9 la Croix de Victoria), ou un \u00e9v\u00e9nement en temps de paix (par exemple, la cartographie du nord canadien par l&rsquo;Aviation royale canadienne dans les ann\u00e9es cinquante, ou l&rsquo;implication du Canada dans des missions en temps de paix tels que les efforts \u00e0 Chypre ou au Rwanda). L&rsquo;\u00e9tudiant, ou les \u00e9tudiants, devraient pouvoir d\u00e9montrer le lien entre le sujet du projet et le patrimoine militaire canadien. Ce prix est d\u00e9cern\u00e9 en m\u00e9moire de Clifford Scott, co-fondateur de la F\u00eate r\u00e9gionale du patrimoine \u00e0 Ottawa.<\/p>\n\n\n\n<hr class=\"wp-block-separator has-alpha-channel-opacity\"\/>\n\n\n\n<h3 class=\"wp-block-heading\"><strong><em>Les prix de l\u2019Association des f\u00eates du patrimoine de l\u2019Ontario&nbsp;<\/em><\/strong><\/h3>\n\n\n\n<h4 class=\"wp-block-heading\"><strong>Le Prix des fondateurs de l\u2019Association des F\u00eates du patrimoine de l\u2019Ontario&nbsp;<\/strong><\/h4>\n\n\n\n<p>En reconnaissance d\u2019un enthousiaste et d\u00e9vouement exceptionnels pour l\u2019histoire et le patrimoine. Le prix : un certificat et une m\u00e9daille.<\/p>\n\n\n\n<h4 class=\"wp-block-heading\"><strong>Le Prix Premi\u00e8res Nations, M\u00e9tis et Inuit&nbsp;<\/strong><\/h4>\n\n\n\n<p>En reconnaissance d\u2019un projet ax\u00e9 sur l\u2019histoire et les r\u00e9cits des Premi\u00e8res Nations, des M\u00e9tis et des Inuits au Canada. Le prix : un certificat et une m\u00e9daille.&nbsp;<\/p>\n\n\n\n<h4 class=\"wp-block-heading\"><strong>Le Prix de la Multicultural History Society of Ontario&nbsp;<\/strong><\/h4>\n\n\n\n<p>En reconnaissance du rendement extraordinaire d\u2019un \u00e9l\u00e8ve dans une recherche explorant les diverses cultures de l\u2019Ontario et du Canada. Le prix : un certificat et un livre.&nbsp;<\/p>\n\n\n\n<p>Site web : <a href=\"http:\/\/mhso.ca\/wp\">http:\/\/mhso.ca\/wp<\/a><\/p>\n\n\n\n<h4 class=\"wp-block-heading\"><strong>Le Prix des Archives publiques de l\u2019Ontario&nbsp;<\/strong><\/h4>\n\n\n\n<p>En reconnaissance d\u2019un rendement remarquable par un \u00e9l\u00e8ve dans l\u2019utilisation de documents originaux associ\u00e9s \u00e0 l\u2019histoire de l\u2019Ontario. Le prix : un certificat et une copie d\u2019une reproduction.&nbsp;<\/p>\n\n\n\n<p>Site web : <a href=\"https:\/\/www.archives.gov.on.ca\/fr\/index.aspx\">https:\/\/www.archives.gov.on.ca\/fr\/index.aspx<\/a><\/p>\n\n\n\n<h4 class=\"wp-block-heading\"><strong><strong>Le Prix de la Soci\u00e9t\u00e9 historique de l\u2019Ontario&nbsp;<\/strong><\/strong><\/h4>\n\n\n\n<p>En reconnaissance pour un rendement remarquable par un \u00e9l\u00e8ve pour sa recherche de l\u2019histoire de l\u2019Ontario. Le prix : un certificat et un ruban.&nbsp;<\/p>\n\n\n\n<p>Website: <a href=\"https:\/\/ontariohistoricalsociety.ca\">https:\/\/ontariohistoricalsociety.ca<\/a><\/p>\n\n\n\n<h4 class=\"wp-block-heading\"><strong>Le Prix Anc\u00eatres ontariens&nbsp;<\/strong><\/h4>\n\n\n\n<p>En reconnaissance d\u2019un projet qui se relie \u00e0 l\u2019histoire de famille de l\u2019\u00e9l\u00e8ve ou \u00e0 l\u2019histoire de famille d\u2019un citoyen \u00e9minent de l\u2019Ontario ou du Canada. Le prix : un certificat, une lettre, un d\u00e9pliant \u00ab Commencer l\u2019histoire de votre famille \u00bb et une carte de l\u2019Ontario.&nbsp;<\/p>\n\n\n\n<h4 class=\"wp-block-heading\"><strong>Le Prix Lecture et Souvenir de la Soci\u00e9t\u00e9 historique de l\u2019Ontario&nbsp;<\/strong><\/h4>\n\n\n\n<p>En reconnaissance d\u2019un projet de recherche sur le th\u00e8me du Souvenir, celui-ci peut inclure les forces arm\u00e9es, le temps de guerre ou des aspects du maintien de la paix. Le prix : un certificat et un ruban.<\/p>\n\n\n\n<h4 class=\"wp-block-heading\"><strong>Le Prix du r\u00e9seau d\u2019histoire des femmes de l\u2019Ontario&nbsp;<\/strong><\/h4>\n\n\n\n<p>En reconnaissance d\u2019un projet qui porte principalement sur l\u2019histoire des femmes dans l\u2019histoire du Canada. Le prix : un certificat et un livre.&nbsp;<\/p>\n\n\n\n<h4 class=\"wp-block-heading\"><strong><strong>Le Prix de l\u2019Association des biblioth\u00e8ques de l\u2019Ontario&nbsp;<\/strong><\/strong><\/h4>\n\n\n\n<p>En reconnaissance d\u2019un projet qui d\u00e9montre de bonnes techniques d\u2019enqu\u00eate en utilisant une vari\u00e9t\u00e9 de ressources dans diff\u00e9rents formats. Le prix : un certificat et une m\u00e9daille.&nbsp;<\/p>\n\n\n\n<p>Site web : <a href=\"https:\/\/accessola.com\/ressources-francais\/\">https:\/\/accessola.com\/ressources-francais\/<\/a><\/p>\n\n\n\n<h4 class=\"wp-block-heading\"><strong><strong>Le Prix de la Commission ontarienne des droits de la personne&nbsp;<\/strong><\/strong><\/h4>\n\n\n\n<p>En reconnaissance d\u2019un \u00e9l\u00e8ve qui r\u00e9ussit \u00e0 d\u00e9montrer l\u2019histoire, l\u2019impact et \u00e0 promouvoir une culture des droits de la personne en Ontario. Le prix : un certificat, une mm\u00e9daille et des articles promotionnels.&nbsp;<\/p>\n\n\n\n<p>Site web : <a href=\"https:\/\/www.ohrc.on.ca\/fr\">https:\/\/www.ohrc.on.ca\/fr<\/a><\/p>\n\n\n\n<h4 class=\"wp-block-heading\"><strong>Le Prix de l\u2019Ontario pour la r\u00e9flexion historique&nbsp;<\/strong><\/h4>\n\n\n\n<p>En reconnaissance du rendement d\u2019un \u00e9l\u00e8ve qui d\u00e9montre la capacit\u00e9 d\u2019utiliser la pens\u00e9e critique et la r\u00e9flexion historique. Le prix : un certificat et une m\u00e9daille.<\/p>\n\n\n\n<h4 class=\"wp-block-heading\"><strong>Le Prix ex\u00e9cutif de l\u2019Association des f\u00eates du patrimoine de l\u2019Ontario en l\u2019honneur de Wayne Hugli&nbsp;<\/strong><\/h4>\n\n\n\n<p>En reconnaissance d\u2019une classe et de l\u2019enseignant qui se sont distingu\u00e9s par leur excellence et leur enthousiasme dans la r\u00e9alisation de leurs projets.\u201d Le prix : un prix mon\u00e9taire, un certificat et une lettre.&nbsp;<\/p>\n","protected":false},"excerpt":{"rendered":"<p>Le Prix \u00ab Histoire locale \u00bb de la Ville d\u2019Ottawa&nbsp; Le prix \u00ab Histoire locale \u00bb sera d\u00e9cern\u00e9 \u00e0 un projet qui pr\u00e9sente des r\u00e9cits traitant de l\u2019histoire de la Ville d\u2019Ottawa. Un troph\u00e9e sera d\u00e9cern\u00e9 par la Ville d\u2019Ottawa.&nbsp; Site web : http:\/\/ottawa.ca\/fr\/residents\/arts-culture-et-communaute\/musees-et-patrimoine\/patrimoine Le Prix \u00ab Bytown200 \u00bb de la Soci\u00e9t\u00e9 historique d\u2019Ottawa Ce &hellip;<\/p>\n<p class=\"read-more\"> <a class=\"\" href=\"https:\/\/ottawaheritagefair.org\/fr\/awards\/\"> <span class=\"screen-reader-text\">Prix<\/span> Lire la suite\u00a0\u00bb<\/a><\/p>\n","protected":false},"author":2,"featured_media":0,"parent":0,"menu_order":0,"comment_status":"closed","ping_status":"closed","template":"brizy-blank-template.php","meta":{"site-sidebar-layout":"default","site-content-layout":"default","ast-global-header-display":"","ast-banner-title-visibility":"","ast-main-header-display":"","ast-hfb-above-header-display":"","ast-hfb-below-header-display":"","ast-hfb-mobile-header-display":"","site-post-title":"","ast-breadcrumbs-content":"","ast-featured-img":"","footer-sml-layout":"","theme-transparent-header-meta":"default","adv-header-id-meta":"","stick-header-meta":"","header-above-stick-meta":"","header-main-stick-meta":"","header-below-stick-meta":"","footnotes":""},"class_list":["post-9373","page","type-page","status-publish","hentry"],"jetpack_sharing_enabled":true,"_links":{"self":[{"href":"https:\/\/ottawaheritagefair.org\/fr\/wp-json\/wp\/v2\/pages\/9373","targetHints":{"allow":["GET"]}}],"collection":[{"href":"https:\/\/ottawaheritagefair.org\/fr\/wp-json\/wp\/v2\/pages"}],"about":[{"href":"https:\/\/ottawaheritagefair.org\/fr\/wp-json\/wp\/v2\/types\/page"}],"author":[{"embeddable":true,"href":"https:\/\/ottawaheritagefair.org\/fr\/wp-json\/wp\/v2\/users\/2"}],"replies":[{"embeddable":true,"href":"https:\/\/ottawaheritagefair.org\/fr\/wp-json\/wp\/v2\/comments?post=9373"}],"version-history":[{"count":34,"href":"https:\/\/ottawaheritagefair.org\/fr\/wp-json\/wp\/v2\/pages\/9373\/revisions"}],"predecessor-version":[{"id":9840,"href":"https:\/\/ottawaheritagefair.org\/fr\/wp-json\/wp\/v2\/pages\/9373\/revisions\/9840"}],"wp:attachment":[{"href":"https:\/\/ottawaheritagefair.org\/fr\/wp-json\/wp\/v2\/media?parent=9373"}],"curies":[{"name":"wp","href":"https:\/\/api.w.org\/{rel}","templated":true}]}}