{"id":9383,"date":"2024-03-19T16:42:51","date_gmt":"2024-03-19T16:42:51","guid":{"rendered":"https:\/\/ottawaheritagefair.org\/?page_id=9383"},"modified":"2025-05-16T18:35:16","modified_gmt":"2025-05-16T18:35:16","slug":"partenaires","status":"publish","type":"page","link":"https:\/\/ottawaheritagefair.org\/fr\/partenaires\/","title":{"rendered":"Partenaires"},"content":{"rendered":"\n<div class=\"wp-block-cover alignwide\"><img data-recalc-dims=\"1\" loading=\"lazy\" decoding=\"async\" width=\"576\" height=\"768\" class=\"wp-block-cover__image-background wp-image-128\" alt=\"\" src=\"https:\/\/i0.wp.com\/ottawaheritagefair.org\/wp-content\/uploads\/2021\/01\/i-V58dCJM-XL-1.jpg?resize=576%2C768&#038;ssl=1\" style=\"object-position:47% 15%\" data-object-fit=\"cover\" data-object-position=\"47% 15%\" srcset=\"https:\/\/i0.wp.com\/ottawaheritagefair.org\/wp-content\/uploads\/2021\/01\/i-V58dCJM-XL-1.jpg?w=576&amp;ssl=1 576w, https:\/\/i0.wp.com\/ottawaheritagefair.org\/wp-content\/uploads\/2021\/01\/i-V58dCJM-XL-1.jpg?resize=225%2C300&amp;ssl=1 225w, https:\/\/i0.wp.com\/ottawaheritagefair.org\/wp-content\/uploads\/2021\/01\/i-V58dCJM-XL-1.jpg?resize=9%2C12&amp;ssl=1 9w, https:\/\/i0.wp.com\/ottawaheritagefair.org\/wp-content\/uploads\/2021\/01\/i-V58dCJM-XL-1.jpg?resize=410%2C547&amp;ssl=1 410w, https:\/\/i0.wp.com\/ottawaheritagefair.org\/wp-content\/uploads\/2021\/01\/i-V58dCJM-XL-1.jpg?resize=100%2C133&amp;ssl=1 100w, https:\/\/i0.wp.com\/ottawaheritagefair.org\/wp-content\/uploads\/2021\/01\/i-V58dCJM-XL-1.jpg?resize=275%2C367&amp;ssl=1 275w\" sizes=\"auto, (max-width: 576px) 100vw, 576px\" \/><span aria-hidden=\"true\" class=\"wp-block-cover__background has-background-dim\"><\/span><div class=\"wp-block-cover__inner-container is-layout-flow wp-block-cover-is-layout-flow\">\n<p class=\"has-text-align-center has-large-font-size\"><\/p>\n<\/div><\/div>\n\n\n\n<h2 class=\"wp-block-heading\"><strong>PARTENAIRES<\/strong><\/h2>\n\n\n\n<p><a href=\"https:\/\/www.historicalsocietyottawa.ca\/\">LA SOCI\u00c9T\u00c9 HISTORIQUE D\u2019OTTAWA<\/a> &#8211; COMMANDITAIRE OFFICIEL<\/p>\n\n\n\n<p><a href=\"http:\/\/www.museedelhistoire.ca\/\">MUS\u00c9E CANADIEN DE L\u2019HISTOIRE <\/a>ET <a href=\"http:\/\/www.museedelaguerre.ca\/\">MUS\u00c9E CANADIEN DE LA GUERRE<\/a>  &#8211; PARTENAIRES DE L\u2019\u00c9V\u00c9NEMENT<\/p>\n\n\n\n<p><a href=\"http:\/\/www.ottawa.ca\/\">VILLE D\u2019OTTAWA<\/a> &#8211; SOUTIEN FINANCIER<\/p>\n\n\n\n<h3 class=\"wp-block-heading\"><strong>PARTENAIRES (PRIX) \u2013 R\u00c9GION DE LA CAPITALE NATIONALE<\/strong><\/h3>\n\n\n\n<p><a href=\"http:\/\/www.museedelhistoire.ca\/\">MUS\u00c9E CANADIEN DE L\u2019HISTOIRE <\/a>AND <a href=\"http:\/\/www.museedelaguerre.ca\/\">MUS\u00c9E CANADIEN DE LA GUERRE<\/a><\/p>\n\n\n\n<p><a href=\"http:\/\/www.ottawa.ca\/\">VILLE D\u2019OTTAWA<\/a><\/p>\n\n\n\n<p><a href=\"https:\/\/www.historicalsocietyottawa.ca\/\">LA SOCI\u00c9T\u00c9 HISTORIQUE D\u2019OTTAWA<\/a><\/p>\n\n\n\n<p><a href=\"https:\/\/friends-amis.org\/\">AMIS DU MUS\u00c9E CANADIEN DE LA GUERRE<\/a><\/p>\n\n\n\n<p><a href=\"https:\/\/www.patrimoinecapitale.ca\/\">CONNEXION PATRIMOINE DE LA CAPITALE<\/a><\/p>\n\n\n\n<p><a href=\"https:\/\/heritageottawa.org\/fr\">PATRIMOINE OTTAWA<\/a><\/p>\n\n\n\n<p><a href=\"https:\/\/www.ocsb.ca\/\">LE R\u00c9SEAU DES MUS\u00c9ES D\u2019OTTAWA<\/a><\/p>\n\n\n\n<p><a href=\"http:\/\/www.pinheyspoint.ca\/\">LA FONDATION PINHEY\u2019S POINT<\/a><\/p>\n\n\n\n<p><a href=\"https:\/\/cths.ca\/\">LA SOCI\u00c9T\u00c9 HISTORIQUE DE CUMBERLAND<\/a><\/p>\n\n\n\n<p><a href=\"https:\/\/ccn-ncc.gc.ca\/\">COMMISSION DE LA CAPITALE NATIONALE<\/a><\/p>\n\n\n\n<p><a href=\"https:\/\/workershistorymuseum.ca\/fr\/\">MUS\u00c9E DE L\u2019HISTOIRE OUVRI\u00c8RE<\/a><\/p>\n\n\n\n<p><a href=\"https:\/\/www.bifhsgo.ca\/\">BRITISH ISLES FAMILY HISTORY SOCIETY OF GREATER OTTAWA<\/a><\/p>\n\n\n\n<h3 class=\"wp-block-heading\"><strong>PARTENAIRES (PRIX) \u2013 NIVEAU PROVINCIAL <\/strong><\/h3>\n\n\n\n<p><a href=\"https:\/\/www.ohhfa.ca\/\">L\u2019ASSOCIATION DES F\u00caTES DU PATRIMOINE DE L\u2019ONTARIO<\/a><\/p>\n\n\n\n<p><a href=\"http:\/\/www.archives.gov.on.ca\/fr\/index.aspx\">ARCHIVES PUBLIQUES DE L\u2019ONTARIO<\/a><\/p>\n\n\n\n<p><a href=\"http:\/\/www.archives.gov.on.ca\/en\/index.aspx\">ARCHIVES OF ONTARIO<\/a><\/p>\n\n\n\n<p><a href=\"https:\/\/ogs.on.ca\/\">LA SOCI\u00c9T\u00c9 G\u00c9N\u00c9ALOGIQUE DE L\u2019ONTARIO<\/a><\/p>\n\n\n\n<p><a href=\"https:\/\/ontariohistoricalsociety.ca\/\">LA SOCI\u00c9T\u00c9 HISTORIQUE DE L\u2019ONTARIO<\/a><\/p>\n\n\n\n<p><a href=\"https:\/\/accessola.com\/\">L\u2019ASSOCIATION DES BIBLIOTH\u00c8QUES DE L\u2019ONTARIO<\/a><\/p>\n\n\n\n<p><a href=\"https:\/\/owhn-rhfo.ca\/\">R\u00c9SEAU D\u2019HISTOIRE DES FEMMES DE L\u2019ONTARIO<\/a><\/p>\n\n\n\n<p><a href=\"http:\/\/mhso.ca\/wp\/\">SOCI\u00c9T\u00c9 D\u2019HISTOIRE MULTICULTURELLE DE L\u2019ONTARIO<\/a><\/p>\n\n\n\n<p><a href=\"http:\/\/www.ohrc.on.ca\/en\">LA COMMISSION ONTARIENNE DES DROITS DE LA PERSONNE<\/a><\/p>\n\n\n\n<h3 class=\"wp-block-heading\"><strong>PARTENAIRES (PRIX) \u2013 NIVEAU NATIONAL<\/strong><\/h3>\n\n\n\n<p><a href=\"https:\/\/www.histoirecanada.ca\/jeunesse\/fetes-du-patrimoine\/vitrine-nationale-des-fetes-du-patrimoine\">Vitrine nationale des F\u00eates du patrimoine d\u2019Histoire Canada<\/a><\/p>\n\n\n\n<h3 class=\"wp-block-heading\"><strong>PARTENAIRES DE LA F\u00caTE PROVINCIALE DU PATRIMOINE DE L\u2019ONTARIO<\/strong><\/h3>\n\n\n\n<p><a href=\"https:\/\/www.ontario.ca\/\">PROVINCE OF ONTARIO<\/a><\/p>\n\n\n\n<h3 class=\"wp-block-heading\"><strong>PARTENAIRES AU NIVEAU NATIONAL<\/strong><\/h3>\n\n\n\n<p><a href=\"https:\/\/www.histoirecanada.ca\/\">HISTOIRE CANADA<\/a><\/p>\n\n\n\n<figure class=\"wp-block-image\"><img data-recalc-dims=\"1\" decoding=\"async\" src=\"https:\/\/i0.wp.com\/ottawaheritagefair.org\/wp-content\/uploads\/brizy\/imgs\/test-82x20x0x0x82x20x1618166023.png?ssl=1\" alt=\"\"\/><\/figure>\n\n\n\n<div style=\"height:20px\" aria-hidden=\"true\" class=\"wp-block-spacer\"><\/div>\n","protected":false},"excerpt":{"rendered":"<p>PARTENAIRES LA SOCI\u00c9T\u00c9 HISTORIQUE D\u2019OTTAWA &#8211; COMMANDITAIRE OFFICIEL MUS\u00c9E CANADIEN DE L\u2019HISTOIRE ET MUS\u00c9E CANADIEN DE LA GUERRE &#8211; PARTENAIRES DE L\u2019\u00c9V\u00c9NEMENT VILLE D\u2019OTTAWA &#8211; SOUTIEN FINANCIER PARTENAIRES (PRIX) \u2013 R\u00c9GION DE LA CAPITALE NATIONALE MUS\u00c9E CANADIEN DE L\u2019HISTOIRE AND MUS\u00c9E CANADIEN DE LA GUERRE VILLE D\u2019OTTAWA LA SOCI\u00c9T\u00c9 HISTORIQUE D\u2019OTTAWA AMIS DU MUS\u00c9E CANADIEN &hellip;<\/p>\n<p class=\"read-more\"> <a class=\"\" href=\"https:\/\/ottawaheritagefair.org\/fr\/partenaires\/\"> <span class=\"screen-reader-text\">Partenaires<\/span> Lire la suite\u00a0\u00bb<\/a><\/p>\n","protected":false},"author":2,"featured_media":0,"parent":0,"menu_order":0,"comment_status":"closed","ping_status":"closed","template":"brizy-blank-template.php","meta":{"site-sidebar-layout":"default","site-content-layout":"default","ast-global-header-display":"","ast-banner-title-visibility":"","ast-main-header-display":"","ast-hfb-above-header-display":"","ast-hfb-below-header-display":"","ast-hfb-mobile-header-display":"","site-post-title":"","ast-breadcrumbs-content":"","ast-featured-img":"","footer-sml-layout":"","theme-transparent-header-meta":"default","adv-header-id-meta":"","stick-header-meta":"","header-above-stick-meta":"","header-main-stick-meta":"","header-below-stick-meta":"","footnotes":""},"class_list":["post-9383","page","type-page","status-publish","hentry"],"jetpack_sharing_enabled":true,"_links":{"self":[{"href":"https:\/\/ottawaheritagefair.org\/fr\/wp-json\/wp\/v2\/pages\/9383","targetHints":{"allow":["GET"]}}],"collection":[{"href":"https:\/\/ottawaheritagefair.org\/fr\/wp-json\/wp\/v2\/pages"}],"about":[{"href":"https:\/\/ottawaheritagefair.org\/fr\/wp-json\/wp\/v2\/types\/page"}],"author":[{"embeddable":true,"href":"https:\/\/ottawaheritagefair.org\/fr\/wp-json\/wp\/v2\/users\/2"}],"replies":[{"embeddable":true,"href":"https:\/\/ottawaheritagefair.org\/fr\/wp-json\/wp\/v2\/comments?post=9383"}],"version-history":[{"count":10,"href":"https:\/\/ottawaheritagefair.org\/fr\/wp-json\/wp\/v2\/pages\/9383\/revisions"}],"predecessor-version":[{"id":9733,"href":"https:\/\/ottawaheritagefair.org\/fr\/wp-json\/wp\/v2\/pages\/9383\/revisions\/9733"}],"wp:attachment":[{"href":"https:\/\/ottawaheritagefair.org\/fr\/wp-json\/wp\/v2\/media?parent=9383"}],"curies":[{"name":"wp","href":"https:\/\/api.w.org\/{rel}","templated":true}]}}