{"id":9454,"date":"2024-05-01T10:11:34","date_gmt":"2024-05-01T10:11:34","guid":{"rendered":"https:\/\/ottawaheritagefair.org\/?page_id=9454"},"modified":"2024-05-01T10:11:35","modified_gmt":"2024-05-01T10:11:35","slug":"recipiendaires-de-prix-2024","status":"publish","type":"page","link":"https:\/\/ottawaheritagefair.org\/fr\/recipiendaires-de-prix-2024\/","title":{"rendered":"R\u00e9cipiendaires de prix 2024"},"content":{"rendered":"\n<h3 class=\"wp-block-heading\"><strong>Les prix r\u00e9gionaux&nbsp;<\/strong><\/h3>\n\n\n\n<p><strong>Le Prix \u00ab Histoire locale \u00bb de la Ville d\u2019Ottawa\u00a0<\/strong><br><em>The Russell House Hotel: Ottawa&rsquo;s Long Forgotten Heart\u00a0<\/em><br>Noah CM, \u00e9cole \u00e0 domicile\u00a0<\/p>\n\n\n\n<p><strong>Le Prix \u00ab Sir Richard William Scott \u00bb de la Soci\u00e9t\u00e9 historique d\u2019Ottawa\u00a0<\/strong><br><em>L&rsquo;H\u00f4pital Montfort: Pourquoi l&rsquo;h\u00f4pital Montfort est-il important pour la communaut\u00e9 franco-ontarienne?\u00a0<\/em><br>Saayuja B, Acad\u00e9mie Westboro\u00a0<\/p>\n\n\n\n<p><strong>Le Prix autochtone des chutes sacr\u00e9es de la Chaudi\u00e8re\u00a0<\/strong><br><em>Feather Teaching\u00a0<\/em><br>Madden B et Drake F, Eganville and District Public School\u00a0<\/p>\n\n\n\n<p><strong>Le Prix du Mus\u00e9e canadien de l\u2019histoire\u00a0<\/strong><br><em>Teddy Rogers: A Bear in War\u00a0<\/em><br>Margaret M, \u00e9cole publique First Avenue\u00a0<\/p>\n\n\n\n<p><strong>Le Prix des Amis du Mus\u00e9e canadien de la guerre\u00a0<\/strong><br><em>What were the major battles and tactics of the Seven Years War?\u00a0<\/em><br>Janis A et Yildiz A, \u00e9cole publique Glashan\u00a0<\/p>\n\n\n\n<p><em>L&rsquo;explosion de Halifax en 1917\u00a0<\/em><br>Lola W et Glynn H, \u00e9cole publique Glashan\u00a0<\/p>\n\n\n\n<p><strong>Le Prix de Patrimoine Ottawa\u00a0<\/strong><br><em>Le Ch\u00e2teau Laurier\u00a0<\/em><br>Elsie Y et Sol\u00e8ne H, \u00e9cole secondaire Immaculata\u00a0<\/p>\n\n\n\n<p><strong>Le Prix \u00ab Pinhey\u2019s Point Foundation Award for Local History\u00bb\u00a0<\/strong><br><em>Le Sirop d&rsquo;\u00e9rable: Comment est-il devenu un symbole au Canada?\u00a0<\/em><br>Eliana M et Sara B, Acad\u00e9mie Westboro\u00a0<\/p>\n\n\n\n<p><strong>Le Prix du R\u00e9seau des mus\u00e9es d\u2019Ottawa (RMO)<\/strong><br><em>Aberneen Pavilion\u00a0<\/em><br>Cecilia M, \u00e9cole publique First Avenue\u00a0<\/p>\n\n\n\n<p><strong>Le Prix de la Soci\u00e9t\u00e9 historique du Canton de Cumberland\u00a0<\/strong><br><em>La Cuisine Canadienne\u00a0<\/em><br>Wincent W et Hunter S, Coll\u00e8ge Ashbury\u00a0<\/p>\n\n\n\n<p><em>Upper Canada Village\u00a0<\/em><br>Gwen H et Yosha Nathan S, \u00e9cole secondaire Immaculata\u00a0<\/p>\n\n\n\n<p><strong>Le Prix Connexion Patrimoine de la Capitale\u00a0<\/strong><br><em>Diefenbunker: Pourquoi le Diefenbunker est un endroit historique au Canada?\u00a0<\/em><br>Tej G and Hendrix S, Acad\u00e9mie Westboro\u00a0<\/p>\n\n\n\n<p><strong>Le Prix du patrimoine de la Commission de la capitale nationale\u00a0<\/strong><br><em>Astronomy in Canada\u00a0<\/em><br>Isabella G et Julian S, Coll\u00e8ge Ashbury\u00a0<\/p>\n\n\n\n<p><strong>Le Prix du choix des \u00e9l\u00e8ves\u00a0<\/strong><br><em>The Halifax Explosion\u00a0<\/em><br>Zuva T, Coll\u00e8ge Ashbury\u00a0<\/p>\n\n\n\n<p><strong>Le Prix Histoire Canada et Ontario Power Generation pour la justice sociale\u00a0<\/strong><br><em>Jordan&rsquo;s Principle\u00a0<\/em><br>Nevaeh S, Eganville and District Public School\u00a0<\/p>\n\n\n\n<h3 class=\"wp-block-heading\"><strong>Les prix de l\u2019Association des f\u00eates du patrimoine de l\u2019Ontario&nbsp;<\/strong><\/h3>\n\n\n\n<p><strong>Le Prix des fondateurs de l\u2019Association des F\u00eates du patrimoine de l\u2019Ontario\u00a0<\/strong><br><em>The Key Events of LBGTQ rights and history in Canada\u00a0<\/em><br>Oscar P-U, \u00e9cole publique Glashan\u00a0<\/p>\n\n\n\n<p><strong>Le Prix Premi\u00e8res Nations, M\u00e9tis et Inuit\u00a0<\/strong><br><em>Disappearing Reservations\u00a0<\/em><br>Biidaazhe Two-Axe K et Aaliyah J, Eganville and District Public School\u00a0<\/p>\n\n\n\n<p><strong>Le Prix de la Multicultural History Society of Ontario\u00a0<\/strong><br><em>Anti-Semitism in Canada\u00a0<\/em><br>Miri W et Norah H, \u00e9cole publique First Avenue\u00a0<\/p>\n\n\n\n<p><strong>Le Prix des Archives publiques de l\u2019Ontario\u00a0<\/strong><br><em>How did Industrialization Alter the Values and Beliefs of Canadians? Was it a Setback or Step Forward?\u00a0<\/em><br>Nancy W et Ovieni O, \u00e9cole publique Glashan\u00a0<\/p>\n\n\n\n<p><strong>Le Prix de la Soci\u00e9t\u00e9 historique de l\u2019Ontario\u00a0<\/strong><br><em>La loi d&rsquo;exclusion des Chinois: Comment la loi d&rsquo;exclusion des Chinois a-t-elle chang\u00e9 le Canada?\u00a0<\/em><br>\u00c9va A-C, Acad\u00e9mie Westboro\u00a0<\/p>\n\n\n\n<p><strong>Le Prix Anc\u00eatres ontariens\u00a0<\/strong><br><em>Le Komagata Maru et immigration Sud-Asiatique\u00a0<\/em><br>Kaira Kaur S, \u00e9cole publique Mutchmor\u00a0<\/p>\n\n\n\n<p><strong>Le Prix Lecture et Souvenir de la Soci\u00e9t\u00e9 historique de l\u2019Ontario\u00a0<\/strong><br><em>Laura Secord: Quelle est l&rsquo;histoire de cette ic\u00f4ne canadienne?\u00a0<\/em><br>Sara P et Sonakshi P, Acad\u00e9mie Westboro\u00a0<\/p>\n\n\n\n<p><strong>Le Prix du r\u00e9seau d\u2019histoire des femmes de l\u2019Ontario\u00a0<\/strong><br><em>La bataille pour l&rsquo;\u00e9galit\u00e9 des femmes\u00a0<\/em><br>Isabelle M, St. John Catholic Elementary School\u00a0<\/p>\n\n\n\n<p><strong>Le Prix de l\u2019Association des biblioth\u00e8ques de l\u2019Ontario\u00a0<\/strong><br><em>C&rsquo;est quoi l&rsquo;impacte de la force arm\u00e9e canadienne?\u00a0<\/em><br>Tay R et Thomas M, \u00e9cole publique Glashan\u00a0<\/p>\n\n\n\n<p><strong>Le Prix de la Commission ontarienne des droits de la personne\u00a0<\/strong><br><em>How Mary Two Axe Early&rsquo;s Actions Changed Canada\u00a0<\/em><br>Kate G et Rawan E-B, \u00e9cole publique Glashan\u00a0<\/p>\n\n\n\n<p><strong>Le Prix de l\u2019Ontario pour la r\u00e9flexion historique\u00a0<\/strong><br><em>Le rafle des ann\u00e9es soixante (Sixties Scoop)\u00a0<\/em><br>Adeline G, \u00e9cole publique Mutchmor\u00a0<\/p>\n\n\n\n<p><strong>Le Prix ex\u00e9cutif de l\u2019Association des f\u00eates du patrimoine de l\u2019Ontario en l\u2019honneur de Wayne Hugli\u00a0<\/strong><br>M. Jonel Destre, professeur, acad\u00e9mie Westboro\u00a0<\/p>\n","protected":false},"excerpt":{"rendered":"<p>Les prix r\u00e9gionaux&nbsp; Le Prix \u00ab Histoire locale \u00bb de la Ville d\u2019Ottawa\u00a0The Russell House Hotel: Ottawa&rsquo;s Long Forgotten Heart\u00a0Noah CM, \u00e9cole \u00e0 domicile\u00a0 Le Prix \u00ab Sir Richard William Scott \u00bb de la Soci\u00e9t\u00e9 historique d\u2019Ottawa\u00a0L&rsquo;H\u00f4pital Montfort: Pourquoi l&rsquo;h\u00f4pital Montfort est-il important pour la communaut\u00e9 franco-ontarienne?\u00a0Saayuja B, Acad\u00e9mie Westboro\u00a0 Le Prix autochtone des chutes &hellip;<\/p>\n<p class=\"read-more\"> <a class=\"\" href=\"https:\/\/ottawaheritagefair.org\/fr\/recipiendaires-de-prix-2024\/\"> <span class=\"screen-reader-text\">R\u00e9cipiendaires de prix 2024<\/span> Lire la suite\u00a0\u00bb<\/a><\/p>\n","protected":false},"author":2,"featured_media":0,"parent":0,"menu_order":0,"comment_status":"closed","ping_status":"closed","template":"","meta":{"site-sidebar-layout":"default","site-content-layout":"default","ast-global-header-display":"","ast-banner-title-visibility":"","ast-main-header-display":"","ast-hfb-above-header-display":"","ast-hfb-below-header-display":"","ast-hfb-mobile-header-display":"","site-post-title":"","ast-breadcrumbs-content":"","ast-featured-img":"","footer-sml-layout":"","theme-transparent-header-meta":"","adv-header-id-meta":"","stick-header-meta":"","header-above-stick-meta":"","header-main-stick-meta":"","header-below-stick-meta":"","footnotes":""},"class_list":["post-9454","page","type-page","status-publish","hentry"],"jetpack_sharing_enabled":true,"_links":{"self":[{"href":"https:\/\/ottawaheritagefair.org\/fr\/wp-json\/wp\/v2\/pages\/9454","targetHints":{"allow":["GET"]}}],"collection":[{"href":"https:\/\/ottawaheritagefair.org\/fr\/wp-json\/wp\/v2\/pages"}],"about":[{"href":"https:\/\/ottawaheritagefair.org\/fr\/wp-json\/wp\/v2\/types\/page"}],"author":[{"embeddable":true,"href":"https:\/\/ottawaheritagefair.org\/fr\/wp-json\/wp\/v2\/users\/2"}],"replies":[{"embeddable":true,"href":"https:\/\/ottawaheritagefair.org\/fr\/wp-json\/wp\/v2\/comments?post=9454"}],"version-history":[{"count":1,"href":"https:\/\/ottawaheritagefair.org\/fr\/wp-json\/wp\/v2\/pages\/9454\/revisions"}],"predecessor-version":[{"id":9455,"href":"https:\/\/ottawaheritagefair.org\/fr\/wp-json\/wp\/v2\/pages\/9454\/revisions\/9455"}],"wp:attachment":[{"href":"https:\/\/ottawaheritagefair.org\/fr\/wp-json\/wp\/v2\/media?parent=9454"}],"curies":[{"name":"wp","href":"https:\/\/api.w.org\/{rel}","templated":true}]}}