{"id":9487,"date":"2024-05-16T09:27:18","date_gmt":"2024-05-16T09:27:18","guid":{"rendered":"https:\/\/ottawaheritagefair.org\/2024-ottawa-heritage-fair-photo-gallery\/"},"modified":"2024-05-16T09:29:06","modified_gmt":"2024-05-16T09:29:06","slug":"fetes-regionales-du-patrimoine-a-ottawa-2024-galerie-de-photos","status":"publish","type":"page","link":"https:\/\/ottawaheritagefair.org\/fr\/fetes-regionales-du-patrimoine-a-ottawa-2024-galerie-de-photos\/","title":{"rendered":"F\u00eates r\u00e9gionales du patrimoine \u00e0 Ottawa 2024 \u2013 galerie de photos"},"content":{"rendered":"\n<div class=\"wp-block-jetpack-tiled-gallery aligncenter is-style-rectangular\"><div class=\"tiled-gallery__gallery\"><div class=\"tiled-gallery__row\"><div class=\"tiled-gallery__col\" style=\"flex-basis:40.88238%\"><figure class=\"tiled-gallery__item\"><img decoding=\"async\" srcset=\"https:\/\/i2.wp.com\/ottawaheritagefair.org\/wp-content\/uploads\/2024\/05\/Gen-pic-optimized-1024x683.jpg?strip=info&#038;w=600&#038;ssl=1 600w,https:\/\/i2.wp.com\/ottawaheritagefair.org\/wp-content\/uploads\/2024\/05\/Gen-pic-optimized-1024x683.jpg?strip=info&#038;w=900&#038;ssl=1 900w,https:\/\/i2.wp.com\/ottawaheritagefair.org\/wp-content\/uploads\/2024\/05\/Gen-pic-optimized-1024x683.jpg?strip=info&#038;w=1200&#038;ssl=1 1200w,https:\/\/i2.wp.com\/ottawaheritagefair.org\/wp-content\/uploads\/2024\/05\/Gen-pic-optimized-1024x683.jpg?strip=info&#038;w=1500&#038;ssl=1 1500w\" alt=\"\" data-height=\"1000\" data-id=\"9475\" data-link=\"https:\/\/ottawaheritagefair.org\/?attachment_id=9475\" data-url=\"https:\/\/ottawaheritagefair.org\/wp-content\/uploads\/2024\/05\/Gen-pic-optimized-1024x683.jpg\" data-width=\"1500\" src=\"https:\/\/i2.wp.com\/ottawaheritagefair.org\/wp-content\/uploads\/2024\/05\/Gen-pic-optimized-1024x683.jpg?ssl=1\" data-amp-layout=\"responsive\"\/><\/figure><\/div><div class=\"tiled-gallery__col\" style=\"flex-basis:18.23524%\"><figure class=\"tiled-gallery__item\"><img decoding=\"async\" srcset=\"https:\/\/i1.wp.com\/ottawaheritagefair.org\/wp-content\/uploads\/2024\/05\/DSC_0256-optimized-683x1024.jpg?strip=info&#038;w=600&#038;ssl=1 600w,https:\/\/i1.wp.com\/ottawaheritagefair.org\/wp-content\/uploads\/2024\/05\/DSC_0256-optimized-683x1024.jpg?strip=info&#038;w=900&#038;ssl=1 900w,https:\/\/i1.wp.com\/ottawaheritagefair.org\/wp-content\/uploads\/2024\/05\/DSC_0256-optimized-683x1024.jpg?strip=info&#038;w=1000&#038;ssl=1 1000w\" alt=\"\" data-height=\"1500\" data-id=\"9465\" data-link=\"https:\/\/ottawaheritagefair.org\/?attachment_id=9465\" data-url=\"https:\/\/ottawaheritagefair.org\/wp-content\/uploads\/2024\/05\/DSC_0256-optimized-683x1024.jpg\" data-width=\"1000\" src=\"https:\/\/i1.wp.com\/ottawaheritagefair.org\/wp-content\/uploads\/2024\/05\/DSC_0256-optimized-683x1024.jpg?ssl=1\" data-amp-layout=\"responsive\"\/><\/figure><\/div><div class=\"tiled-gallery__col\" style=\"flex-basis:40.88238%\"><figure class=\"tiled-gallery__item\"><img decoding=\"async\" srcset=\"https:\/\/i2.wp.com\/ottawaheritagefair.org\/wp-content\/uploads\/2024\/05\/DSC_0213-optimized-1024x683.jpg?strip=info&#038;w=600&#038;ssl=1 600w,https:\/\/i2.wp.com\/ottawaheritagefair.org\/wp-content\/uploads\/2024\/05\/DSC_0213-optimized-1024x683.jpg?strip=info&#038;w=900&#038;ssl=1 900w,https:\/\/i2.wp.com\/ottawaheritagefair.org\/wp-content\/uploads\/2024\/05\/DSC_0213-optimized-1024x683.jpg?strip=info&#038;w=1200&#038;ssl=1 1200w,https:\/\/i2.wp.com\/ottawaheritagefair.org\/wp-content\/uploads\/2024\/05\/DSC_0213-optimized-1024x683.jpg?strip=info&#038;w=1500&#038;ssl=1 1500w\" alt=\"\" data-height=\"1000\" data-id=\"9461\" data-link=\"https:\/\/ottawaheritagefair.org\/?attachment_id=9461\" data-url=\"https:\/\/ottawaheritagefair.org\/wp-content\/uploads\/2024\/05\/DSC_0213-optimized-1024x683.jpg\" data-width=\"1500\" src=\"https:\/\/i2.wp.com\/ottawaheritagefair.org\/wp-content\/uploads\/2024\/05\/DSC_0213-optimized-1024x683.jpg?ssl=1\" data-amp-layout=\"responsive\"\/><\/figure><\/div><\/div><div class=\"tiled-gallery__row\"><div class=\"tiled-gallery__col\" style=\"flex-basis:50.00000%\"><figure class=\"tiled-gallery__item\"><img decoding=\"async\" srcset=\"https:\/\/i2.wp.com\/ottawaheritagefair.org\/wp-content\/uploads\/2024\/05\/DSC_0186-optimized-683x1024.jpg?strip=info&#038;w=600&#038;ssl=1 600w,https:\/\/i2.wp.com\/ottawaheritagefair.org\/wp-content\/uploads\/2024\/05\/DSC_0186-optimized-683x1024.jpg?strip=info&#038;w=900&#038;ssl=1 900w,https:\/\/i2.wp.com\/ottawaheritagefair.org\/wp-content\/uploads\/2024\/05\/DSC_0186-optimized-683x1024.jpg?strip=info&#038;w=1000&#038;ssl=1 1000w\" alt=\"\" data-height=\"1500\" data-id=\"9463\" data-link=\"https:\/\/ottawaheritagefair.org\/?attachment_id=9463\" data-url=\"https:\/\/ottawaheritagefair.org\/wp-content\/uploads\/2024\/05\/DSC_0186-optimized-683x1024.jpg\" data-width=\"1000\" src=\"https:\/\/i2.wp.com\/ottawaheritagefair.org\/wp-content\/uploads\/2024\/05\/DSC_0186-optimized-683x1024.jpg?ssl=1\" data-amp-layout=\"responsive\"\/><\/figure><\/div><div class=\"tiled-gallery__col\" style=\"flex-basis:50.00000%\"><figure class=\"tiled-gallery__item\"><img decoding=\"async\" srcset=\"https:\/\/i2.wp.com\/ottawaheritagefair.org\/wp-content\/uploads\/2024\/05\/Lexplosion-de-Halifax-Friends-of-the-War-Museum-optimized-683x1024.jpg?strip=info&#038;w=600&#038;ssl=1 600w,https:\/\/i2.wp.com\/ottawaheritagefair.org\/wp-content\/uploads\/2024\/05\/Lexplosion-de-Halifax-Friends-of-the-War-Museum-optimized-683x1024.jpg?strip=info&#038;w=900&#038;ssl=1 900w,https:\/\/i2.wp.com\/ottawaheritagefair.org\/wp-content\/uploads\/2024\/05\/Lexplosion-de-Halifax-Friends-of-the-War-Museum-optimized-683x1024.jpg?strip=info&#038;w=1000&#038;ssl=1 1000w\" alt=\"\" data-height=\"1500\" data-id=\"9467\" data-link=\"https:\/\/ottawaheritagefair.org\/?attachment_id=9467\" data-url=\"https:\/\/ottawaheritagefair.org\/wp-content\/uploads\/2024\/05\/Lexplosion-de-Halifax-Friends-of-the-War-Museum-optimized-683x1024.jpg\" data-width=\"1000\" src=\"https:\/\/i2.wp.com\/ottawaheritagefair.org\/wp-content\/uploads\/2024\/05\/Lexplosion-de-Halifax-Friends-of-the-War-Museum-optimized-683x1024.jpg?ssl=1\" data-amp-layout=\"responsive\"\/><\/figure><\/div><\/div><div class=\"tiled-gallery__row\"><div class=\"tiled-gallery__col\" style=\"flex-basis:66.76246%\"><figure class=\"tiled-gallery__item\"><img decoding=\"async\" srcset=\"https:\/\/i2.wp.com\/ottawaheritagefair.org\/wp-content\/uploads\/2024\/05\/Keriana-and-Iliza-student-emcees-optimized-1024x683.jpg?strip=info&#038;w=600&#038;ssl=1 600w,https:\/\/i2.wp.com\/ottawaheritagefair.org\/wp-content\/uploads\/2024\/05\/Keriana-and-Iliza-student-emcees-optimized-1024x683.jpg?strip=info&#038;w=900&#038;ssl=1 900w,https:\/\/i2.wp.com\/ottawaheritagefair.org\/wp-content\/uploads\/2024\/05\/Keriana-and-Iliza-student-emcees-optimized-1024x683.jpg?strip=info&#038;w=1200&#038;ssl=1 1200w,https:\/\/i2.wp.com\/ottawaheritagefair.org\/wp-content\/uploads\/2024\/05\/Keriana-and-Iliza-student-emcees-optimized-1024x683.jpg?strip=info&#038;w=1500&#038;ssl=1 1500w\" alt=\"\" data-height=\"1000\" data-id=\"9469\" data-link=\"https:\/\/ottawaheritagefair.org\/?attachment_id=9469\" data-url=\"https:\/\/ottawaheritagefair.org\/wp-content\/uploads\/2024\/05\/Keriana-and-Iliza-student-emcees-optimized-1024x683.jpg\" data-width=\"1500\" src=\"https:\/\/i2.wp.com\/ottawaheritagefair.org\/wp-content\/uploads\/2024\/05\/Keriana-and-Iliza-student-emcees-optimized-1024x683.jpg?ssl=1\" data-amp-layout=\"responsive\"\/><\/figure><\/div><div class=\"tiled-gallery__col\" style=\"flex-basis:33.23754%\"><figure class=\"tiled-gallery__item\"><img decoding=\"async\" srcset=\"https:\/\/i2.wp.com\/ottawaheritagefair.org\/wp-content\/uploads\/2024\/05\/City-of-Ottawa-Award-winner-optimized-1024x683.jpg?strip=info&#038;w=600&#038;ssl=1 600w,https:\/\/i2.wp.com\/ottawaheritagefair.org\/wp-content\/uploads\/2024\/05\/City-of-Ottawa-Award-winner-optimized-1024x683.jpg?strip=info&#038;w=900&#038;ssl=1 900w,https:\/\/i2.wp.com\/ottawaheritagefair.org\/wp-content\/uploads\/2024\/05\/City-of-Ottawa-Award-winner-optimized-1024x683.jpg?strip=info&#038;w=1200&#038;ssl=1 1200w,https:\/\/i2.wp.com\/ottawaheritagefair.org\/wp-content\/uploads\/2024\/05\/City-of-Ottawa-Award-winner-optimized-1024x683.jpg?strip=info&#038;w=1500&#038;ssl=1 1500w\" alt=\"\" data-height=\"1000\" data-id=\"9471\" data-link=\"https:\/\/ottawaheritagefair.org\/?attachment_id=9471\" data-url=\"https:\/\/ottawaheritagefair.org\/wp-content\/uploads\/2024\/05\/City-of-Ottawa-Award-winner-optimized-1024x683.jpg\" data-width=\"1500\" src=\"https:\/\/i2.wp.com\/ottawaheritagefair.org\/wp-content\/uploads\/2024\/05\/City-of-Ottawa-Award-winner-optimized-1024x683.jpg?ssl=1\" data-amp-layout=\"responsive\"\/><\/figure><figure class=\"tiled-gallery__item\"><img decoding=\"async\" srcset=\"https:\/\/i2.wp.com\/ottawaheritagefair.org\/wp-content\/uploads\/2024\/05\/Long-Time-Volunteer-judges-optimized-1024x683.jpg?strip=info&#038;w=600&#038;ssl=1 600w,https:\/\/i2.wp.com\/ottawaheritagefair.org\/wp-content\/uploads\/2024\/05\/Long-Time-Volunteer-judges-optimized-1024x683.jpg?strip=info&#038;w=900&#038;ssl=1 900w,https:\/\/i2.wp.com\/ottawaheritagefair.org\/wp-content\/uploads\/2024\/05\/Long-Time-Volunteer-judges-optimized-1024x683.jpg?strip=info&#038;w=1200&#038;ssl=1 1200w,https:\/\/i2.wp.com\/ottawaheritagefair.org\/wp-content\/uploads\/2024\/05\/Long-Time-Volunteer-judges-optimized-1024x683.jpg?strip=info&#038;w=1500&#038;ssl=1 1500w\" alt=\"\" data-height=\"1000\" data-id=\"9477\" data-link=\"https:\/\/ottawaheritagefair.org\/?attachment_id=9477\" data-url=\"https:\/\/ottawaheritagefair.org\/wp-content\/uploads\/2024\/05\/Long-Time-Volunteer-judges-optimized-1024x683.jpg\" data-width=\"1500\" src=\"https:\/\/i2.wp.com\/ottawaheritagefair.org\/wp-content\/uploads\/2024\/05\/Long-Time-Volunteer-judges-optimized-1024x683.jpg?ssl=1\" data-amp-layout=\"responsive\"\/><\/figure><\/div><\/div><div class=\"tiled-gallery__row\"><div class=\"tiled-gallery__col\" style=\"flex-basis:42.79681%\"><figure class=\"tiled-gallery__item\"><img decoding=\"async\" srcset=\"https:\/\/i2.wp.com\/ottawaheritagefair.org\/wp-content\/uploads\/2024\/05\/CMH-award-optimized-1024x683.jpg?strip=info&#038;w=600&#038;ssl=1 600w,https:\/\/i2.wp.com\/ottawaheritagefair.org\/wp-content\/uploads\/2024\/05\/CMH-award-optimized-1024x683.jpg?strip=info&#038;w=900&#038;ssl=1 900w,https:\/\/i2.wp.com\/ottawaheritagefair.org\/wp-content\/uploads\/2024\/05\/CMH-award-optimized-1024x683.jpg?strip=info&#038;w=1200&#038;ssl=1 1200w,https:\/\/i2.wp.com\/ottawaheritagefair.org\/wp-content\/uploads\/2024\/05\/CMH-award-optimized-1024x683.jpg?strip=info&#038;w=1500&#038;ssl=1 1500w\" alt=\"\" data-height=\"1000\" data-id=\"9479\" data-link=\"https:\/\/ottawaheritagefair.org\/?attachment_id=9479\" data-url=\"https:\/\/ottawaheritagefair.org\/wp-content\/uploads\/2024\/05\/CMH-award-optimized-1024x683.jpg\" data-width=\"1500\" src=\"https:\/\/i2.wp.com\/ottawaheritagefair.org\/wp-content\/uploads\/2024\/05\/CMH-award-optimized-1024x683.jpg?ssl=1\" data-amp-layout=\"responsive\"\/><\/figure><\/div><div class=\"tiled-gallery__col\" style=\"flex-basis:19.06773%\"><figure class=\"tiled-gallery__item\"><img decoding=\"async\" srcset=\"https:\/\/i2.wp.com\/ottawaheritagefair.org\/wp-content\/uploads\/2024\/05\/HSO1-optimized-683x1024.jpg?strip=info&#038;w=600&#038;ssl=1 600w,https:\/\/i2.wp.com\/ottawaheritagefair.org\/wp-content\/uploads\/2024\/05\/HSO1-optimized-683x1024.jpg?strip=info&#038;w=900&#038;ssl=1 900w,https:\/\/i2.wp.com\/ottawaheritagefair.org\/wp-content\/uploads\/2024\/05\/HSO1-optimized-683x1024.jpg?strip=info&#038;w=1000&#038;ssl=1 1000w\" alt=\"\" data-height=\"1500\" data-id=\"9481\" data-link=\"https:\/\/ottawaheritagefair.org\/?attachment_id=9481\" data-url=\"https:\/\/ottawaheritagefair.org\/wp-content\/uploads\/2024\/05\/HSO1-optimized-683x1024.jpg\" data-width=\"1000\" src=\"https:\/\/i2.wp.com\/ottawaheritagefair.org\/wp-content\/uploads\/2024\/05\/HSO1-optimized-683x1024.jpg?ssl=1\" data-amp-layout=\"responsive\"\/><\/figure><\/div><div class=\"tiled-gallery__col\" style=\"flex-basis:19.06773%\"><figure class=\"tiled-gallery__item\"><img decoding=\"async\" srcset=\"https:\/\/i1.wp.com\/ottawaheritagefair.org\/wp-content\/uploads\/2024\/05\/HSO2-optimized-683x1024.jpg?strip=info&#038;w=600&#038;ssl=1 600w,https:\/\/i1.wp.com\/ottawaheritagefair.org\/wp-content\/uploads\/2024\/05\/HSO2-optimized-683x1024.jpg?strip=info&#038;w=900&#038;ssl=1 900w,https:\/\/i1.wp.com\/ottawaheritagefair.org\/wp-content\/uploads\/2024\/05\/HSO2-optimized-683x1024.jpg?strip=info&#038;w=1000&#038;ssl=1 1000w\" alt=\"\" data-height=\"1500\" data-id=\"9483\" data-link=\"https:\/\/ottawaheritagefair.org\/?attachment_id=9483\" data-url=\"https:\/\/ottawaheritagefair.org\/wp-content\/uploads\/2024\/05\/HSO2-optimized-683x1024.jpg\" data-width=\"1000\" src=\"https:\/\/i1.wp.com\/ottawaheritagefair.org\/wp-content\/uploads\/2024\/05\/HSO2-optimized-683x1024.jpg?ssl=1\" data-amp-layout=\"responsive\"\/><\/figure><\/div><div class=\"tiled-gallery__col\" style=\"flex-basis:19.06773%\"><figure class=\"tiled-gallery__item\"><img decoding=\"async\" srcset=\"https:\/\/i2.wp.com\/ottawaheritagefair.org\/wp-content\/uploads\/2024\/05\/Gen-pic-2-optimized-683x1024.jpg?strip=info&#038;w=600&#038;ssl=1 600w,https:\/\/i2.wp.com\/ottawaheritagefair.org\/wp-content\/uploads\/2024\/05\/Gen-pic-2-optimized-683x1024.jpg?strip=info&#038;w=900&#038;ssl=1 900w,https:\/\/i2.wp.com\/ottawaheritagefair.org\/wp-content\/uploads\/2024\/05\/Gen-pic-2-optimized-683x1024.jpg?strip=info&#038;w=1000&#038;ssl=1 1000w\" alt=\"\" data-height=\"1500\" data-id=\"9473\" data-link=\"https:\/\/ottawaheritagefair.org\/?attachment_id=9473\" data-url=\"https:\/\/ottawaheritagefair.org\/wp-content\/uploads\/2024\/05\/Gen-pic-2-optimized-683x1024.jpg\" data-width=\"1000\" src=\"https:\/\/i2.wp.com\/ottawaheritagefair.org\/wp-content\/uploads\/2024\/05\/Gen-pic-2-optimized-683x1024.jpg?ssl=1\" data-amp-layout=\"responsive\"\/><\/figure><\/div><\/div><\/div><\/div>\n","protected":false},"excerpt":{"rendered":"","protected":false},"author":2,"featured_media":0,"parent":0,"menu_order":0,"comment_status":"closed","ping_status":"closed","template":"","meta":{"site-sidebar-layout":"default","site-content-layout":"default","ast-global-header-display":"","ast-banner-title-visibility":"","ast-main-header-display":"","ast-hfb-above-header-display":"","ast-hfb-below-header-display":"","ast-hfb-mobile-header-display":"","site-post-title":"","ast-breadcrumbs-content":"","ast-featured-img":"","footer-sml-layout":"","theme-transparent-header-meta":"","adv-header-id-meta":"","stick-header-meta":"","header-above-stick-meta":"","header-main-stick-meta":"","header-below-stick-meta":"","footnotes":""},"class_list":["post-9487","page","type-page","status-publish","hentry"],"jetpack_sharing_enabled":true,"_links":{"self":[{"href":"https:\/\/ottawaheritagefair.org\/fr\/wp-json\/wp\/v2\/pages\/9487","targetHints":{"allow":["GET"]}}],"collection":[{"href":"https:\/\/ottawaheritagefair.org\/fr\/wp-json\/wp\/v2\/pages"}],"about":[{"href":"https:\/\/ottawaheritagefair.org\/fr\/wp-json\/wp\/v2\/types\/page"}],"author":[{"embeddable":true,"href":"https:\/\/ottawaheritagefair.org\/fr\/wp-json\/wp\/v2\/users\/2"}],"replies":[{"embeddable":true,"href":"https:\/\/ottawaheritagefair.org\/fr\/wp-json\/wp\/v2\/comments?post=9487"}],"version-history":[{"count":1,"href":"https:\/\/ottawaheritagefair.org\/fr\/wp-json\/wp\/v2\/pages\/9487\/revisions"}],"predecessor-version":[{"id":9489,"href":"https:\/\/ottawaheritagefair.org\/fr\/wp-json\/wp\/v2\/pages\/9487\/revisions\/9489"}],"wp:attachment":[{"href":"https:\/\/ottawaheritagefair.org\/fr\/wp-json\/wp\/v2\/media?parent=9487"}],"curies":[{"name":"wp","href":"https:\/\/api.w.org\/{rel}","templated":true}]}}