{"id":9592,"date":"2024-06-06T20:57:04","date_gmt":"2024-06-06T20:57:04","guid":{"rendered":"https:\/\/ottawaheritagefair.org\/?page_id=9592"},"modified":"2024-06-06T20:57:05","modified_gmt":"2024-06-06T20:57:05","slug":"celebration-des-fetes-du-patrimoine-ottawa-kingston-2024-galerie-de-photos","status":"publish","type":"page","link":"https:\/\/ottawaheritagefair.org\/fr\/celebration-des-fetes-du-patrimoine-ottawa-kingston-2024-galerie-de-photos\/","title":{"rendered":"C\u00e9l\u00e9bration des F\u00eates du patrimoine Ottawa\/Kingston 2024 &#8211; galerie de photos"},"content":{"rendered":"\n<figure class=\"wp-block-gallery has-nested-images columns-default is-cropped wp-block-gallery-1 is-layout-flex wp-block-gallery-is-layout-flex\">\n<figure class=\"wp-block-image size-full\"><a href=\"https:\/\/i0.wp.com\/ottawaheritagefair.org\/wp-content\/uploads\/2024\/06\/WEB-Aviation-Museum-visit-1.jpg?ssl=1\"><img data-recalc-dims=\"1\" loading=\"lazy\" decoding=\"async\" width=\"1125\" height=\"1500\" data-id=\"9557\" src=\"https:\/\/i0.wp.com\/ottawaheritagefair.org\/wp-content\/uploads\/2024\/06\/WEB-Aviation-Museum-visit-1.jpg?resize=1125%2C1500&#038;ssl=1\" alt=\"\" class=\"wp-image-9557\" srcset=\"https:\/\/i0.wp.com\/ottawaheritagefair.org\/wp-content\/uploads\/2024\/06\/WEB-Aviation-Museum-visit-1.jpg?w=1125&amp;ssl=1 1125w, https:\/\/i0.wp.com\/ottawaheritagefair.org\/wp-content\/uploads\/2024\/06\/WEB-Aviation-Museum-visit-1.jpg?resize=225%2C300&amp;ssl=1 225w, https:\/\/i0.wp.com\/ottawaheritagefair.org\/wp-content\/uploads\/2024\/06\/WEB-Aviation-Museum-visit-1.jpg?resize=768%2C1024&amp;ssl=1 768w\" sizes=\"auto, (max-width: 1000px) 100vw, 1000px\" \/><\/a><\/figure>\n\n\n\n<figure class=\"wp-block-image size-full\"><a href=\"https:\/\/i0.wp.com\/ottawaheritagefair.org\/wp-content\/uploads\/2024\/06\/WEB-Group-at-Aviation-and-Space-Museum.jpg?ssl=1\"><img data-recalc-dims=\"1\" loading=\"lazy\" decoding=\"async\" width=\"1500\" height=\"1125\" data-id=\"9552\" src=\"https:\/\/i0.wp.com\/ottawaheritagefair.org\/wp-content\/uploads\/2024\/06\/WEB-Group-at-Aviation-and-Space-Museum.jpg?resize=1500%2C1125&#038;ssl=1\" alt=\"\" class=\"wp-image-9552\" srcset=\"https:\/\/i0.wp.com\/ottawaheritagefair.org\/wp-content\/uploads\/2024\/06\/WEB-Group-at-Aviation-and-Space-Museum.jpg?w=1500&amp;ssl=1 1500w, https:\/\/i0.wp.com\/ottawaheritagefair.org\/wp-content\/uploads\/2024\/06\/WEB-Group-at-Aviation-and-Space-Museum.jpg?resize=300%2C225&amp;ssl=1 300w, https:\/\/i0.wp.com\/ottawaheritagefair.org\/wp-content\/uploads\/2024\/06\/WEB-Group-at-Aviation-and-Space-Museum.jpg?resize=1024%2C768&amp;ssl=1 1024w, https:\/\/i0.wp.com\/ottawaheritagefair.org\/wp-content\/uploads\/2024\/06\/WEB-Group-at-Aviation-and-Space-Museum.jpg?resize=768%2C576&amp;ssl=1 768w\" sizes=\"auto, (max-width: 1000px) 100vw, 1000px\" \/><\/a><\/figure>\n\n\n\n<figure class=\"wp-block-image size-full\"><a href=\"https:\/\/i0.wp.com\/ottawaheritagefair.org\/wp-content\/uploads\/2024\/06\/WEB-Maman-sculpture-group-photo.jpg?ssl=1\"><img data-recalc-dims=\"1\" loading=\"lazy\" decoding=\"async\" width=\"1500\" height=\"1125\" data-id=\"9570\" src=\"https:\/\/i0.wp.com\/ottawaheritagefair.org\/wp-content\/uploads\/2024\/06\/WEB-Maman-sculpture-group-photo.jpg?resize=1500%2C1125&#038;ssl=1\" alt=\"\" class=\"wp-image-9570\" srcset=\"https:\/\/i0.wp.com\/ottawaheritagefair.org\/wp-content\/uploads\/2024\/06\/WEB-Maman-sculpture-group-photo.jpg?w=1500&amp;ssl=1 1500w, https:\/\/i0.wp.com\/ottawaheritagefair.org\/wp-content\/uploads\/2024\/06\/WEB-Maman-sculpture-group-photo.jpg?resize=300%2C225&amp;ssl=1 300w, https:\/\/i0.wp.com\/ottawaheritagefair.org\/wp-content\/uploads\/2024\/06\/WEB-Maman-sculpture-group-photo.jpg?resize=1024%2C768&amp;ssl=1 1024w, https:\/\/i0.wp.com\/ottawaheritagefair.org\/wp-content\/uploads\/2024\/06\/WEB-Maman-sculpture-group-photo.jpg?resize=768%2C576&amp;ssl=1 768w\" sizes=\"auto, (max-width: 1000px) 100vw, 1000px\" \/><\/a><\/figure>\n\n\n\n<figure class=\"wp-block-image size-full\"><a href=\"https:\/\/i0.wp.com\/ottawaheritagefair.org\/wp-content\/uploads\/2024\/06\/WEB-English-Tour-Cold-War-.jpg?ssl=1\"><img data-recalc-dims=\"1\" loading=\"lazy\" decoding=\"async\" width=\"1125\" height=\"1500\" data-id=\"9566\" src=\"https:\/\/i0.wp.com\/ottawaheritagefair.org\/wp-content\/uploads\/2024\/06\/WEB-English-Tour-Cold-War-.jpg?resize=1125%2C1500&#038;ssl=1\" alt=\"\" class=\"wp-image-9566\" srcset=\"https:\/\/i0.wp.com\/ottawaheritagefair.org\/wp-content\/uploads\/2024\/06\/WEB-English-Tour-Cold-War-.jpg?w=1125&amp;ssl=1 1125w, https:\/\/i0.wp.com\/ottawaheritagefair.org\/wp-content\/uploads\/2024\/06\/WEB-English-Tour-Cold-War-.jpg?resize=225%2C300&amp;ssl=1 225w, https:\/\/i0.wp.com\/ottawaheritagefair.org\/wp-content\/uploads\/2024\/06\/WEB-English-Tour-Cold-War-.jpg?resize=768%2C1024&amp;ssl=1 768w\" sizes=\"auto, (max-width: 1000px) 100vw, 1000px\" \/><\/a><\/figure>\n\n\n\n<figure class=\"wp-block-image size-full\"><a href=\"https:\/\/i0.wp.com\/ottawaheritagefair.org\/wp-content\/uploads\/2024\/06\/WEB-French-tour-2-CWM.jpg?ssl=1\"><img data-recalc-dims=\"1\" loading=\"lazy\" decoding=\"async\" width=\"1125\" height=\"1500\" data-id=\"9580\" src=\"https:\/\/i0.wp.com\/ottawaheritagefair.org\/wp-content\/uploads\/2024\/06\/WEB-French-tour-2-CWM.jpg?resize=1125%2C1500&#038;ssl=1\" alt=\"\" class=\"wp-image-9580\" srcset=\"https:\/\/i0.wp.com\/ottawaheritagefair.org\/wp-content\/uploads\/2024\/06\/WEB-French-tour-2-CWM.jpg?w=1125&amp;ssl=1 1125w, https:\/\/i0.wp.com\/ottawaheritagefair.org\/wp-content\/uploads\/2024\/06\/WEB-French-tour-2-CWM.jpg?resize=225%2C300&amp;ssl=1 225w, https:\/\/i0.wp.com\/ottawaheritagefair.org\/wp-content\/uploads\/2024\/06\/WEB-French-tour-2-CWM.jpg?resize=768%2C1024&amp;ssl=1 768w\" sizes=\"auto, (max-width: 1000px) 100vw, 1000px\" \/><\/a><\/figure>\n\n\n\n<figure class=\"wp-block-image size-full\"><a href=\"https:\/\/i0.wp.com\/ottawaheritagefair.org\/wp-content\/uploads\/2024\/06\/WEB-Group-Majors-Hill-Park.jpg?ssl=1\"><img data-recalc-dims=\"1\" loading=\"lazy\" decoding=\"async\" width=\"1500\" height=\"1099\" data-id=\"9577\" src=\"https:\/\/i0.wp.com\/ottawaheritagefair.org\/wp-content\/uploads\/2024\/06\/WEB-Group-Majors-Hill-Park.jpg?resize=1500%2C1099&#038;ssl=1\" alt=\"\" class=\"wp-image-9577\" srcset=\"https:\/\/i0.wp.com\/ottawaheritagefair.org\/wp-content\/uploads\/2024\/06\/WEB-Group-Majors-Hill-Park.jpg?w=1500&amp;ssl=1 1500w, https:\/\/i0.wp.com\/ottawaheritagefair.org\/wp-content\/uploads\/2024\/06\/WEB-Group-Majors-Hill-Park.jpg?resize=300%2C220&amp;ssl=1 300w, https:\/\/i0.wp.com\/ottawaheritagefair.org\/wp-content\/uploads\/2024\/06\/WEB-Group-Majors-Hill-Park.jpg?resize=1024%2C750&amp;ssl=1 1024w, https:\/\/i0.wp.com\/ottawaheritagefair.org\/wp-content\/uploads\/2024\/06\/WEB-Group-Majors-Hill-Park.jpg?resize=768%2C563&amp;ssl=1 768w\" sizes=\"auto, (max-width: 1000px) 100vw, 1000px\" \/><\/a><\/figure>\n\n\n\n<figure class=\"wp-block-image size-full\"><a href=\"https:\/\/i0.wp.com\/ottawaheritagefair.org\/wp-content\/uploads\/2024\/06\/WEB-Aviation-Museum-visit-6.jpg?ssl=1\"><img data-recalc-dims=\"1\" loading=\"lazy\" decoding=\"async\" width=\"1125\" height=\"1500\" data-id=\"9574\" src=\"https:\/\/i0.wp.com\/ottawaheritagefair.org\/wp-content\/uploads\/2024\/06\/WEB-Aviation-Museum-visit-6.jpg?resize=1125%2C1500&#038;ssl=1\" alt=\"\" class=\"wp-image-9574\" srcset=\"https:\/\/i0.wp.com\/ottawaheritagefair.org\/wp-content\/uploads\/2024\/06\/WEB-Aviation-Museum-visit-6.jpg?w=1125&amp;ssl=1 1125w, https:\/\/i0.wp.com\/ottawaheritagefair.org\/wp-content\/uploads\/2024\/06\/WEB-Aviation-Museum-visit-6.jpg?resize=225%2C300&amp;ssl=1 225w, https:\/\/i0.wp.com\/ottawaheritagefair.org\/wp-content\/uploads\/2024\/06\/WEB-Aviation-Museum-visit-6.jpg?resize=768%2C1024&amp;ssl=1 768w\" sizes=\"auto, (max-width: 1000px) 100vw, 1000px\" \/><\/a><\/figure>\n\n\n\n<figure class=\"wp-block-image size-full\"><a href=\"https:\/\/i0.wp.com\/ottawaheritagefair.org\/wp-content\/uploads\/2024\/06\/WEB-Aviation-Museum-18.jpg?ssl=1\"><img data-recalc-dims=\"1\" loading=\"lazy\" decoding=\"async\" width=\"1500\" height=\"1125\" data-id=\"9572\" src=\"https:\/\/i0.wp.com\/ottawaheritagefair.org\/wp-content\/uploads\/2024\/06\/WEB-Aviation-Museum-18.jpg?resize=1500%2C1125&#038;ssl=1\" alt=\"\" class=\"wp-image-9572\" srcset=\"https:\/\/i0.wp.com\/ottawaheritagefair.org\/wp-content\/uploads\/2024\/06\/WEB-Aviation-Museum-18.jpg?w=1500&amp;ssl=1 1500w, https:\/\/i0.wp.com\/ottawaheritagefair.org\/wp-content\/uploads\/2024\/06\/WEB-Aviation-Museum-18.jpg?resize=300%2C225&amp;ssl=1 300w, https:\/\/i0.wp.com\/ottawaheritagefair.org\/wp-content\/uploads\/2024\/06\/WEB-Aviation-Museum-18.jpg?resize=1024%2C768&amp;ssl=1 1024w, https:\/\/i0.wp.com\/ottawaheritagefair.org\/wp-content\/uploads\/2024\/06\/WEB-Aviation-Museum-18.jpg?resize=768%2C576&amp;ssl=1 768w\" sizes=\"auto, (max-width: 1000px) 100vw, 1000px\" \/><\/a><\/figure>\n\n\n\n<figure class=\"wp-block-image size-full\"><a href=\"https:\/\/i0.wp.com\/ottawaheritagefair.org\/wp-content\/uploads\/2024\/06\/WEB-Simulation-2.jpg?ssl=1\"><img data-recalc-dims=\"1\" loading=\"lazy\" decoding=\"async\" width=\"1500\" height=\"1125\" data-id=\"9567\" src=\"https:\/\/i0.wp.com\/ottawaheritagefair.org\/wp-content\/uploads\/2024\/06\/WEB-Simulation-2.jpg?resize=1500%2C1125&#038;ssl=1\" alt=\"\" class=\"wp-image-9567\" srcset=\"https:\/\/i0.wp.com\/ottawaheritagefair.org\/wp-content\/uploads\/2024\/06\/WEB-Simulation-2.jpg?w=1500&amp;ssl=1 1500w, https:\/\/i0.wp.com\/ottawaheritagefair.org\/wp-content\/uploads\/2024\/06\/WEB-Simulation-2.jpg?resize=300%2C225&amp;ssl=1 300w, https:\/\/i0.wp.com\/ottawaheritagefair.org\/wp-content\/uploads\/2024\/06\/WEB-Simulation-2.jpg?resize=1024%2C768&amp;ssl=1 1024w, https:\/\/i0.wp.com\/ottawaheritagefair.org\/wp-content\/uploads\/2024\/06\/WEB-Simulation-2.jpg?resize=768%2C576&amp;ssl=1 768w\" sizes=\"auto, (max-width: 1000px) 100vw, 1000px\" \/><\/a><\/figure>\n\n\n\n<figure class=\"wp-block-image size-full\"><a href=\"https:\/\/i0.wp.com\/ottawaheritagefair.org\/wp-content\/uploads\/2024\/06\/WEB-English-Tour-4.jpg?ssl=1\"><img data-recalc-dims=\"1\" loading=\"lazy\" decoding=\"async\" width=\"1500\" height=\"1125\" data-id=\"9556\" src=\"https:\/\/i0.wp.com\/ottawaheritagefair.org\/wp-content\/uploads\/2024\/06\/WEB-English-Tour-4.jpg?resize=1500%2C1125&#038;ssl=1\" alt=\"\" class=\"wp-image-9556\" srcset=\"https:\/\/i0.wp.com\/ottawaheritagefair.org\/wp-content\/uploads\/2024\/06\/WEB-English-Tour-4.jpg?w=1500&amp;ssl=1 1500w, https:\/\/i0.wp.com\/ottawaheritagefair.org\/wp-content\/uploads\/2024\/06\/WEB-English-Tour-4.jpg?resize=300%2C225&amp;ssl=1 300w, https:\/\/i0.wp.com\/ottawaheritagefair.org\/wp-content\/uploads\/2024\/06\/WEB-English-Tour-4.jpg?resize=1024%2C768&amp;ssl=1 1024w, https:\/\/i0.wp.com\/ottawaheritagefair.org\/wp-content\/uploads\/2024\/06\/WEB-English-Tour-4.jpg?resize=768%2C576&amp;ssl=1 768w\" sizes=\"auto, (max-width: 1000px) 100vw, 1000px\" \/><\/a><\/figure>\n\n\n\n<figure class=\"wp-block-image size-full\"><a href=\"https:\/\/i0.wp.com\/ottawaheritagefair.org\/wp-content\/uploads\/2024\/06\/WEB-Aviation-Museum-visit-5.jpg?ssl=1\"><img data-recalc-dims=\"1\" loading=\"lazy\" decoding=\"async\" width=\"1125\" height=\"1500\" data-id=\"9554\" src=\"https:\/\/i0.wp.com\/ottawaheritagefair.org\/wp-content\/uploads\/2024\/06\/WEB-Aviation-Museum-visit-5.jpg?resize=1125%2C1500&#038;ssl=1\" alt=\"\" class=\"wp-image-9554\" srcset=\"https:\/\/i0.wp.com\/ottawaheritagefair.org\/wp-content\/uploads\/2024\/06\/WEB-Aviation-Museum-visit-5.jpg?w=1125&amp;ssl=1 1125w, https:\/\/i0.wp.com\/ottawaheritagefair.org\/wp-content\/uploads\/2024\/06\/WEB-Aviation-Museum-visit-5.jpg?resize=225%2C300&amp;ssl=1 225w, https:\/\/i0.wp.com\/ottawaheritagefair.org\/wp-content\/uploads\/2024\/06\/WEB-Aviation-Museum-visit-5.jpg?resize=768%2C1024&amp;ssl=1 768w\" sizes=\"auto, (max-width: 1000px) 100vw, 1000px\" \/><\/a><\/figure>\n\n\n\n<figure class=\"wp-block-image size-full\"><a href=\"https:\/\/i0.wp.com\/ottawaheritagefair.org\/wp-content\/uploads\/2024\/06\/WEB-Aviation-Museum-Visit-9.jpg?ssl=1\"><img data-recalc-dims=\"1\" loading=\"lazy\" decoding=\"async\" width=\"1125\" height=\"1500\" data-id=\"9582\" src=\"https:\/\/i0.wp.com\/ottawaheritagefair.org\/wp-content\/uploads\/2024\/06\/WEB-Aviation-Museum-Visit-9.jpg?resize=1125%2C1500&#038;ssl=1\" alt=\"\" class=\"wp-image-9582\" srcset=\"https:\/\/i0.wp.com\/ottawaheritagefair.org\/wp-content\/uploads\/2024\/06\/WEB-Aviation-Museum-Visit-9.jpg?w=1125&amp;ssl=1 1125w, https:\/\/i0.wp.com\/ottawaheritagefair.org\/wp-content\/uploads\/2024\/06\/WEB-Aviation-Museum-Visit-9.jpg?resize=225%2C300&amp;ssl=1 225w, https:\/\/i0.wp.com\/ottawaheritagefair.org\/wp-content\/uploads\/2024\/06\/WEB-Aviation-Museum-Visit-9.jpg?resize=768%2C1024&amp;ssl=1 768w\" sizes=\"auto, (max-width: 1000px) 100vw, 1000px\" \/><\/a><\/figure>\n\n\n\n<figure class=\"wp-block-image size-full\"><a href=\"https:\/\/i0.wp.com\/ottawaheritagefair.org\/wp-content\/uploads\/2024\/06\/WEB-Ottawa-Sign-Kingston-and-Ottawa.jpg?ssl=1\"><img data-recalc-dims=\"1\" loading=\"lazy\" decoding=\"async\" width=\"1500\" height=\"1125\" data-id=\"9586\" src=\"https:\/\/i0.wp.com\/ottawaheritagefair.org\/wp-content\/uploads\/2024\/06\/WEB-Ottawa-Sign-Kingston-and-Ottawa.jpg?resize=1500%2C1125&#038;ssl=1\" alt=\"\" class=\"wp-image-9586\" srcset=\"https:\/\/i0.wp.com\/ottawaheritagefair.org\/wp-content\/uploads\/2024\/06\/WEB-Ottawa-Sign-Kingston-and-Ottawa.jpg?w=1500&amp;ssl=1 1500w, https:\/\/i0.wp.com\/ottawaheritagefair.org\/wp-content\/uploads\/2024\/06\/WEB-Ottawa-Sign-Kingston-and-Ottawa.jpg?resize=300%2C225&amp;ssl=1 300w, https:\/\/i0.wp.com\/ottawaheritagefair.org\/wp-content\/uploads\/2024\/06\/WEB-Ottawa-Sign-Kingston-and-Ottawa.jpg?resize=1024%2C768&amp;ssl=1 1024w, https:\/\/i0.wp.com\/ottawaheritagefair.org\/wp-content\/uploads\/2024\/06\/WEB-Ottawa-Sign-Kingston-and-Ottawa.jpg?resize=768%2C576&amp;ssl=1 768w\" sizes=\"auto, (max-width: 1000px) 100vw, 1000px\" \/><\/a><\/figure>\n\n\n\n<figure class=\"wp-block-image size-full\"><a href=\"https:\/\/i0.wp.com\/ottawaheritagefair.org\/wp-content\/uploads\/2024\/06\/WEB-English-Tour-5.jpg?ssl=1\"><img data-recalc-dims=\"1\" loading=\"lazy\" decoding=\"async\" width=\"1500\" height=\"1125\" data-id=\"9560\" src=\"https:\/\/i0.wp.com\/ottawaheritagefair.org\/wp-content\/uploads\/2024\/06\/WEB-English-Tour-5.jpg?resize=1500%2C1125&#038;ssl=1\" alt=\"\" class=\"wp-image-9560\" srcset=\"https:\/\/i0.wp.com\/ottawaheritagefair.org\/wp-content\/uploads\/2024\/06\/WEB-English-Tour-5.jpg?w=1500&amp;ssl=1 1500w, https:\/\/i0.wp.com\/ottawaheritagefair.org\/wp-content\/uploads\/2024\/06\/WEB-English-Tour-5.jpg?resize=300%2C225&amp;ssl=1 300w, https:\/\/i0.wp.com\/ottawaheritagefair.org\/wp-content\/uploads\/2024\/06\/WEB-English-Tour-5.jpg?resize=1024%2C768&amp;ssl=1 1024w, https:\/\/i0.wp.com\/ottawaheritagefair.org\/wp-content\/uploads\/2024\/06\/WEB-English-Tour-5.jpg?resize=768%2C576&amp;ssl=1 768w\" sizes=\"auto, (max-width: 1000px) 100vw, 1000px\" \/><\/a><\/figure>\n\n\n\n<figure class=\"wp-block-image size-full\"><a href=\"https:\/\/i0.wp.com\/ottawaheritagefair.org\/wp-content\/uploads\/2024\/06\/WEB-Sharing-Circle-Major-Hill-Park.jpg?ssl=1\"><img data-recalc-dims=\"1\" loading=\"lazy\" decoding=\"async\" width=\"1125\" height=\"1500\" data-id=\"9583\" src=\"https:\/\/i0.wp.com\/ottawaheritagefair.org\/wp-content\/uploads\/2024\/06\/WEB-Sharing-Circle-Major-Hill-Park.jpg?resize=1125%2C1500&#038;ssl=1\" alt=\"\" class=\"wp-image-9583\" srcset=\"https:\/\/i0.wp.com\/ottawaheritagefair.org\/wp-content\/uploads\/2024\/06\/WEB-Sharing-Circle-Major-Hill-Park.jpg?w=1125&amp;ssl=1 1125w, https:\/\/i0.wp.com\/ottawaheritagefair.org\/wp-content\/uploads\/2024\/06\/WEB-Sharing-Circle-Major-Hill-Park.jpg?resize=225%2C300&amp;ssl=1 225w, https:\/\/i0.wp.com\/ottawaheritagefair.org\/wp-content\/uploads\/2024\/06\/WEB-Sharing-Circle-Major-Hill-Park.jpg?resize=768%2C1024&amp;ssl=1 768w\" sizes=\"auto, (max-width: 1000px) 100vw, 1000px\" \/><\/a><\/figure>\n\n\n\n<figure class=\"wp-block-image size-full\"><a href=\"https:\/\/i0.wp.com\/ottawaheritagefair.org\/wp-content\/uploads\/2024\/06\/WEB-French-tour-4-CWM.jpg?ssl=1\"><img data-recalc-dims=\"1\" loading=\"lazy\" decoding=\"async\" width=\"1125\" height=\"1500\" data-id=\"9564\" src=\"https:\/\/i0.wp.com\/ottawaheritagefair.org\/wp-content\/uploads\/2024\/06\/WEB-French-tour-4-CWM.jpg?resize=1125%2C1500&#038;ssl=1\" alt=\"\" class=\"wp-image-9564\" srcset=\"https:\/\/i0.wp.com\/ottawaheritagefair.org\/wp-content\/uploads\/2024\/06\/WEB-French-tour-4-CWM.jpg?w=1125&amp;ssl=1 1125w, https:\/\/i0.wp.com\/ottawaheritagefair.org\/wp-content\/uploads\/2024\/06\/WEB-French-tour-4-CWM.jpg?resize=225%2C300&amp;ssl=1 225w, https:\/\/i0.wp.com\/ottawaheritagefair.org\/wp-content\/uploads\/2024\/06\/WEB-French-tour-4-CWM.jpg?resize=768%2C1024&amp;ssl=1 768w\" sizes=\"auto, (max-width: 1000px) 100vw, 1000px\" \/><\/a><\/figure>\n\n\n\n<figure class=\"wp-block-image size-full\"><a href=\"https:\/\/i0.wp.com\/ottawaheritagefair.org\/wp-content\/uploads\/2024\/06\/WEB-Aviation-Museum-visit-10.jpg?ssl=1\"><img data-recalc-dims=\"1\" loading=\"lazy\" decoding=\"async\" width=\"1125\" height=\"1500\" data-id=\"9550\" src=\"https:\/\/i0.wp.com\/ottawaheritagefair.org\/wp-content\/uploads\/2024\/06\/WEB-Aviation-Museum-visit-10.jpg?resize=1125%2C1500&#038;ssl=1\" alt=\"\" class=\"wp-image-9550\" srcset=\"https:\/\/i0.wp.com\/ottawaheritagefair.org\/wp-content\/uploads\/2024\/06\/WEB-Aviation-Museum-visit-10.jpg?w=1125&amp;ssl=1 1125w, https:\/\/i0.wp.com\/ottawaheritagefair.org\/wp-content\/uploads\/2024\/06\/WEB-Aviation-Museum-visit-10.jpg?resize=225%2C300&amp;ssl=1 225w, https:\/\/i0.wp.com\/ottawaheritagefair.org\/wp-content\/uploads\/2024\/06\/WEB-Aviation-Museum-visit-10.jpg?resize=768%2C1024&amp;ssl=1 768w\" sizes=\"auto, (max-width: 1000px) 100vw, 1000px\" \/><\/a><\/figure>\n\n\n\n<figure class=\"wp-block-image size-full\"><a href=\"https:\/\/i0.wp.com\/ottawaheritagefair.org\/wp-content\/uploads\/2024\/06\/WEB-Outdoors-CWM.jpg?ssl=1\"><img data-recalc-dims=\"1\" loading=\"lazy\" decoding=\"async\" width=\"1125\" height=\"1500\" data-id=\"9562\" src=\"https:\/\/i0.wp.com\/ottawaheritagefair.org\/wp-content\/uploads\/2024\/06\/WEB-Outdoors-CWM.jpg?resize=1125%2C1500&#038;ssl=1\" alt=\"\" class=\"wp-image-9562\" srcset=\"https:\/\/i0.wp.com\/ottawaheritagefair.org\/wp-content\/uploads\/2024\/06\/WEB-Outdoors-CWM.jpg?w=1125&amp;ssl=1 1125w, https:\/\/i0.wp.com\/ottawaheritagefair.org\/wp-content\/uploads\/2024\/06\/WEB-Outdoors-CWM.jpg?resize=225%2C300&amp;ssl=1 225w, https:\/\/i0.wp.com\/ottawaheritagefair.org\/wp-content\/uploads\/2024\/06\/WEB-Outdoors-CWM.jpg?resize=768%2C1024&amp;ssl=1 768w\" sizes=\"auto, (max-width: 1000px) 100vw, 1000px\" \/><\/a><\/figure>\n\n\n\n<figure class=\"wp-block-image size-full\"><a href=\"https:\/\/i0.wp.com\/ottawaheritagefair.org\/wp-content\/uploads\/2024\/06\/WEB-Pedestrian-bridge-ON-QC.jpg?ssl=1\"><img data-recalc-dims=\"1\" loading=\"lazy\" decoding=\"async\" width=\"1500\" height=\"1125\" data-id=\"9575\" src=\"https:\/\/i0.wp.com\/ottawaheritagefair.org\/wp-content\/uploads\/2024\/06\/WEB-Pedestrian-bridge-ON-QC.jpg?resize=1500%2C1125&#038;ssl=1\" alt=\"\" class=\"wp-image-9575\" srcset=\"https:\/\/i0.wp.com\/ottawaheritagefair.org\/wp-content\/uploads\/2024\/06\/WEB-Pedestrian-bridge-ON-QC.jpg?w=1500&amp;ssl=1 1500w, https:\/\/i0.wp.com\/ottawaheritagefair.org\/wp-content\/uploads\/2024\/06\/WEB-Pedestrian-bridge-ON-QC.jpg?resize=300%2C225&amp;ssl=1 300w, https:\/\/i0.wp.com\/ottawaheritagefair.org\/wp-content\/uploads\/2024\/06\/WEB-Pedestrian-bridge-ON-QC.jpg?resize=1024%2C768&amp;ssl=1 1024w, https:\/\/i0.wp.com\/ottawaheritagefair.org\/wp-content\/uploads\/2024\/06\/WEB-Pedestrian-bridge-ON-QC.jpg?resize=768%2C576&amp;ssl=1 768w\" sizes=\"auto, (max-width: 1000px) 100vw, 1000px\" \/><\/a><\/figure>\n<\/figure>\n","protected":false},"excerpt":{"rendered":"","protected":false},"author":2,"featured_media":0,"parent":0,"menu_order":0,"comment_status":"closed","ping_status":"closed","template":"","meta":{"site-sidebar-layout":"default","site-content-layout":"default","ast-global-header-display":"","ast-banner-title-visibility":"","ast-main-header-display":"","ast-hfb-above-header-display":"","ast-hfb-below-header-display":"","ast-hfb-mobile-header-display":"","site-post-title":"","ast-breadcrumbs-content":"","ast-featured-img":"","footer-sml-layout":"","theme-transparent-header-meta":"","adv-header-id-meta":"","stick-header-meta":"","header-above-stick-meta":"","header-main-stick-meta":"","header-below-stick-meta":"","footnotes":""},"class_list":["post-9592","page","type-page","status-publish","hentry"],"jetpack_sharing_enabled":true,"_links":{"self":[{"href":"https:\/\/ottawaheritagefair.org\/fr\/wp-json\/wp\/v2\/pages\/9592","targetHints":{"allow":["GET"]}}],"collection":[{"href":"https:\/\/ottawaheritagefair.org\/fr\/wp-json\/wp\/v2\/pages"}],"about":[{"href":"https:\/\/ottawaheritagefair.org\/fr\/wp-json\/wp\/v2\/types\/page"}],"author":[{"embeddable":true,"href":"https:\/\/ottawaheritagefair.org\/fr\/wp-json\/wp\/v2\/users\/2"}],"replies":[{"embeddable":true,"href":"https:\/\/ottawaheritagefair.org\/fr\/wp-json\/wp\/v2\/comments?post=9592"}],"version-history":[{"count":1,"href":"https:\/\/ottawaheritagefair.org\/fr\/wp-json\/wp\/v2\/pages\/9592\/revisions"}],"predecessor-version":[{"id":9593,"href":"https:\/\/ottawaheritagefair.org\/fr\/wp-json\/wp\/v2\/pages\/9592\/revisions\/9593"}],"wp:attachment":[{"href":"https:\/\/ottawaheritagefair.org\/fr\/wp-json\/wp\/v2\/media?parent=9592"}],"curies":[{"name":"wp","href":"https:\/\/api.w.org\/{rel}","templated":true}]}}