{"id":9665,"date":"2024-11-18T21:57:34","date_gmt":"2024-11-18T21:57:34","guid":{"rendered":"https:\/\/ottawaheritagefair.org\/?page_id=9665"},"modified":"2024-11-18T21:57:45","modified_gmt":"2024-11-18T21:57:45","slug":"la-rubrique","status":"publish","type":"page","link":"https:\/\/ottawaheritagefair.org\/fr\/la-rubrique\/","title":{"rendered":"La Rubrique"},"content":{"rendered":"\n<p><a href=\"https:\/\/ottawaheritagefair.org\/wp-content\/uploads\/2024\/11\/OHF-Rubric-FR-2025-final.pdf\">Cliquez ici<\/a> pour t\u00e9l\u00e9charger la rubrique qui sera utilis\u00e9e pour \u00e9valuer les projets.<\/p>\n\n\n\n<p><\/p>\n","protected":false},"excerpt":{"rendered":"<p>Cliquez ici pour t\u00e9l\u00e9charger la rubrique qui sera utilis\u00e9e pour \u00e9valuer les projets.<\/p>\n","protected":false},"author":2,"featured_media":0,"parent":0,"menu_order":0,"comment_status":"closed","ping_status":"closed","template":"","meta":{"site-sidebar-layout":"default","site-content-layout":"default","ast-global-header-display":"","ast-banner-title-visibility":"","ast-main-header-display":"","ast-hfb-above-header-display":"","ast-hfb-below-header-display":"","ast-hfb-mobile-header-display":"","site-post-title":"","ast-breadcrumbs-content":"","ast-featured-img":"","footer-sml-layout":"","theme-transparent-header-meta":"","adv-header-id-meta":"","stick-header-meta":"","header-above-stick-meta":"","header-main-stick-meta":"","header-below-stick-meta":"","footnotes":""},"class_list":["post-9665","page","type-page","status-publish","hentry"],"jetpack_sharing_enabled":true,"_links":{"self":[{"href":"https:\/\/ottawaheritagefair.org\/fr\/wp-json\/wp\/v2\/pages\/9665","targetHints":{"allow":["GET"]}}],"collection":[{"href":"https:\/\/ottawaheritagefair.org\/fr\/wp-json\/wp\/v2\/pages"}],"about":[{"href":"https:\/\/ottawaheritagefair.org\/fr\/wp-json\/wp\/v2\/types\/page"}],"author":[{"embeddable":true,"href":"https:\/\/ottawaheritagefair.org\/fr\/wp-json\/wp\/v2\/users\/2"}],"replies":[{"embeddable":true,"href":"https:\/\/ottawaheritagefair.org\/fr\/wp-json\/wp\/v2\/comments?post=9665"}],"version-history":[{"count":1,"href":"https:\/\/ottawaheritagefair.org\/fr\/wp-json\/wp\/v2\/pages\/9665\/revisions"}],"predecessor-version":[{"id":9666,"href":"https:\/\/ottawaheritagefair.org\/fr\/wp-json\/wp\/v2\/pages\/9665\/revisions\/9666"}],"wp:attachment":[{"href":"https:\/\/ottawaheritagefair.org\/fr\/wp-json\/wp\/v2\/media?parent=9665"}],"curies":[{"name":"wp","href":"https:\/\/api.w.org\/{rel}","templated":true}]}}