{"id":9787,"date":"2025-09-02T17:56:02","date_gmt":"2025-09-02T17:56:02","guid":{"rendered":"https:\/\/ottawaheritagefair.org\/?page_id=9787"},"modified":"2025-09-02T17:56:03","modified_gmt":"2025-09-02T17:56:03","slug":"fetes-regionales-du-patrimoine-a-ottawa-2025-galerie-de-photos","status":"publish","type":"page","link":"https:\/\/ottawaheritagefair.org\/fr\/fetes-regionales-du-patrimoine-a-ottawa-2025-galerie-de-photos\/","title":{"rendered":"F\u00eates r\u00e9gionales du patrimoine \u00e0 Ottawa 2025 \u2013 galerie de photos"},"content":{"rendered":"\n<figure class=\"wp-block-gallery has-nested-images columns-default is-cropped wp-block-gallery-1 is-layout-flex wp-block-gallery-is-layout-flex\">\n<figure class=\"wp-block-image size-large\"><img data-recalc-dims=\"1\" loading=\"lazy\" decoding=\"async\" width=\"1024\" height=\"683\" data-id=\"9781\" src=\"https:\/\/i0.wp.com\/ottawaheritagefair.org\/wp-content\/uploads\/2025\/09\/Web6-GROUP-IN-LEBRETON.jpg?resize=1024%2C683&#038;ssl=1\" alt=\"\" class=\"wp-image-9781\" srcset=\"https:\/\/i0.wp.com\/ottawaheritagefair.org\/wp-content\/uploads\/2025\/09\/Web6-GROUP-IN-LEBRETON.jpg?resize=1024%2C683&amp;ssl=1 1024w, https:\/\/i0.wp.com\/ottawaheritagefair.org\/wp-content\/uploads\/2025\/09\/Web6-GROUP-IN-LEBRETON.jpg?resize=300%2C200&amp;ssl=1 300w, https:\/\/i0.wp.com\/ottawaheritagefair.org\/wp-content\/uploads\/2025\/09\/Web6-GROUP-IN-LEBRETON.jpg?resize=768%2C512&amp;ssl=1 768w, https:\/\/i0.wp.com\/ottawaheritagefair.org\/wp-content\/uploads\/2025\/09\/Web6-GROUP-IN-LEBRETON.jpg?w=1500&amp;ssl=1 1500w\" sizes=\"auto, (max-width: 1000px) 100vw, 1000px\" \/><\/figure>\n\n\n\n<figure class=\"wp-block-image size-large\"><img data-recalc-dims=\"1\" loading=\"lazy\" decoding=\"async\" width=\"1024\" height=\"806\" data-id=\"9784\" src=\"https:\/\/i0.wp.com\/ottawaheritagefair.org\/wp-content\/uploads\/2025\/09\/Web5-FCWM-President-with-Will-and-HenryPG-1.jpg?resize=1024%2C806&#038;ssl=1\" alt=\"\" class=\"wp-image-9784\" srcset=\"https:\/\/i0.wp.com\/ottawaheritagefair.org\/wp-content\/uploads\/2025\/09\/Web5-FCWM-President-with-Will-and-HenryPG-1.jpg?resize=1024%2C806&amp;ssl=1 1024w, https:\/\/i0.wp.com\/ottawaheritagefair.org\/wp-content\/uploads\/2025\/09\/Web5-FCWM-President-with-Will-and-HenryPG-1.jpg?resize=300%2C236&amp;ssl=1 300w, https:\/\/i0.wp.com\/ottawaheritagefair.org\/wp-content\/uploads\/2025\/09\/Web5-FCWM-President-with-Will-and-HenryPG-1.jpg?resize=768%2C605&amp;ssl=1 768w, https:\/\/i0.wp.com\/ottawaheritagefair.org\/wp-content\/uploads\/2025\/09\/Web5-FCWM-President-with-Will-and-HenryPG-1.jpg?w=1270&amp;ssl=1 1270w\" sizes=\"auto, (max-width: 1000px) 100vw, 1000px\" \/><\/figure>\n\n\n\n<figure class=\"wp-block-image size-large\"><img data-recalc-dims=\"1\" loading=\"lazy\" decoding=\"async\" width=\"1024\" height=\"683\" data-id=\"9755\" src=\"https:\/\/i0.wp.com\/ottawaheritagefair.org\/wp-content\/uploads\/2025\/09\/Web4-Student-Choice-Autism-in-Canada-Sally-Glashan.jpg?resize=1024%2C683&#038;ssl=1\" alt=\"\" class=\"wp-image-9755\" srcset=\"https:\/\/i0.wp.com\/ottawaheritagefair.org\/wp-content\/uploads\/2025\/09\/Web4-Student-Choice-Autism-in-Canada-Sally-Glashan.jpg?resize=1024%2C683&amp;ssl=1 1024w, https:\/\/i0.wp.com\/ottawaheritagefair.org\/wp-content\/uploads\/2025\/09\/Web4-Student-Choice-Autism-in-Canada-Sally-Glashan.jpg?resize=300%2C200&amp;ssl=1 300w, https:\/\/i0.wp.com\/ottawaheritagefair.org\/wp-content\/uploads\/2025\/09\/Web4-Student-Choice-Autism-in-Canada-Sally-Glashan.jpg?resize=768%2C512&amp;ssl=1 768w, https:\/\/i0.wp.com\/ottawaheritagefair.org\/wp-content\/uploads\/2025\/09\/Web4-Student-Choice-Autism-in-Canada-Sally-Glashan.jpg?w=1500&amp;ssl=1 1500w\" sizes=\"auto, (max-width: 1000px) 100vw, 1000px\" \/><\/figure>\n\n\n\n<figure class=\"wp-block-image size-large\"><img data-recalc-dims=\"1\" loading=\"lazy\" decoding=\"async\" width=\"1024\" height=\"653\" data-id=\"9757\" src=\"https:\/\/i0.wp.com\/ottawaheritagefair.org\/wp-content\/uploads\/2025\/09\/Web13-OHFA-Womens-History-Womens-Hockey-in-Canada-Ellie-and-Charlotte-Cedarview.jpg?resize=1024%2C653&#038;ssl=1\" alt=\"\" class=\"wp-image-9757\" srcset=\"https:\/\/i0.wp.com\/ottawaheritagefair.org\/wp-content\/uploads\/2025\/09\/Web13-OHFA-Womens-History-Womens-Hockey-in-Canada-Ellie-and-Charlotte-Cedarview.jpg?resize=1024%2C653&amp;ssl=1 1024w, https:\/\/i0.wp.com\/ottawaheritagefair.org\/wp-content\/uploads\/2025\/09\/Web13-OHFA-Womens-History-Womens-Hockey-in-Canada-Ellie-and-Charlotte-Cedarview.jpg?resize=300%2C191&amp;ssl=1 300w, https:\/\/i0.wp.com\/ottawaheritagefair.org\/wp-content\/uploads\/2025\/09\/Web13-OHFA-Womens-History-Womens-Hockey-in-Canada-Ellie-and-Charlotte-Cedarview.jpg?resize=768%2C489&amp;ssl=1 768w, https:\/\/i0.wp.com\/ottawaheritagefair.org\/wp-content\/uploads\/2025\/09\/Web13-OHFA-Womens-History-Womens-Hockey-in-Canada-Ellie-and-Charlotte-Cedarview.jpg?resize=1536%2C979&amp;ssl=1 1536w, https:\/\/i0.wp.com\/ottawaheritagefair.org\/wp-content\/uploads\/2025\/09\/Web13-OHFA-Womens-History-Womens-Hockey-in-Canada-Ellie-and-Charlotte-Cedarview.jpg?w=1569&amp;ssl=1 1569w\" sizes=\"auto, (max-width: 1000px) 100vw, 1000px\" \/><\/figure>\n\n\n\n<figure class=\"wp-block-image size-large\"><img data-recalc-dims=\"1\" loading=\"lazy\" decoding=\"async\" width=\"1024\" height=\"683\" data-id=\"9765\" src=\"https:\/\/i0.wp.com\/ottawaheritagefair.org\/wp-content\/uploads\/2025\/09\/Web14-Drumming-and-singing.jpg?resize=1024%2C683&#038;ssl=1\" alt=\"\" class=\"wp-image-9765\" srcset=\"https:\/\/i0.wp.com\/ottawaheritagefair.org\/wp-content\/uploads\/2025\/09\/Web14-Drumming-and-singing.jpg?resize=1024%2C683&amp;ssl=1 1024w, https:\/\/i0.wp.com\/ottawaheritagefair.org\/wp-content\/uploads\/2025\/09\/Web14-Drumming-and-singing.jpg?resize=300%2C200&amp;ssl=1 300w, https:\/\/i0.wp.com\/ottawaheritagefair.org\/wp-content\/uploads\/2025\/09\/Web14-Drumming-and-singing.jpg?resize=768%2C512&amp;ssl=1 768w, https:\/\/i0.wp.com\/ottawaheritagefair.org\/wp-content\/uploads\/2025\/09\/Web14-Drumming-and-singing.jpg?w=1500&amp;ssl=1 1500w\" sizes=\"auto, (max-width: 1000px) 100vw, 1000px\" \/><\/figure>\n\n\n\n<figure class=\"wp-block-image size-large\"><img data-recalc-dims=\"1\" loading=\"lazy\" decoding=\"async\" width=\"683\" height=\"1024\" data-id=\"9761\" src=\"https:\/\/i0.wp.com\/ottawaheritagefair.org\/wp-content\/uploads\/2025\/09\/Web15-speaker.jpg?resize=683%2C1024&#038;ssl=1\" alt=\"\" class=\"wp-image-9761\" srcset=\"https:\/\/i0.wp.com\/ottawaheritagefair.org\/wp-content\/uploads\/2025\/09\/Web15-speaker.jpg?resize=683%2C1024&amp;ssl=1 683w, https:\/\/i0.wp.com\/ottawaheritagefair.org\/wp-content\/uploads\/2025\/09\/Web15-speaker.jpg?resize=200%2C300&amp;ssl=1 200w, https:\/\/i0.wp.com\/ottawaheritagefair.org\/wp-content\/uploads\/2025\/09\/Web15-speaker.jpg?resize=768%2C1152&amp;ssl=1 768w, https:\/\/i0.wp.com\/ottawaheritagefair.org\/wp-content\/uploads\/2025\/09\/Web15-speaker.jpg?w=1000&amp;ssl=1 1000w\" sizes=\"auto, (max-width: 683px) 100vw, 683px\" \/><\/figure>\n\n\n\n<figure class=\"wp-block-image size-large\"><img data-recalc-dims=\"1\" loading=\"lazy\" decoding=\"async\" width=\"683\" height=\"1024\" data-id=\"9759\" src=\"https:\/\/i0.wp.com\/ottawaheritagefair.org\/wp-content\/uploads\/2025\/09\/Web10-OHFA-Archives-Ella-and-Eva-First-Avenue.jpg?resize=683%2C1024&#038;ssl=1\" alt=\"\" class=\"wp-image-9759\" srcset=\"https:\/\/i0.wp.com\/ottawaheritagefair.org\/wp-content\/uploads\/2025\/09\/Web10-OHFA-Archives-Ella-and-Eva-First-Avenue.jpg?resize=683%2C1024&amp;ssl=1 683w, https:\/\/i0.wp.com\/ottawaheritagefair.org\/wp-content\/uploads\/2025\/09\/Web10-OHFA-Archives-Ella-and-Eva-First-Avenue.jpg?resize=200%2C300&amp;ssl=1 200w, https:\/\/i0.wp.com\/ottawaheritagefair.org\/wp-content\/uploads\/2025\/09\/Web10-OHFA-Archives-Ella-and-Eva-First-Avenue.jpg?resize=768%2C1152&amp;ssl=1 768w, https:\/\/i0.wp.com\/ottawaheritagefair.org\/wp-content\/uploads\/2025\/09\/Web10-OHFA-Archives-Ella-and-Eva-First-Avenue.jpg?w=1000&amp;ssl=1 1000w\" sizes=\"auto, (max-width: 683px) 100vw, 683px\" \/><\/figure>\n\n\n\n<figure class=\"wp-block-image size-large\"><img data-recalc-dims=\"1\" loading=\"lazy\" decoding=\"async\" width=\"1024\" height=\"669\" data-id=\"9772\" src=\"https:\/\/i0.wp.com\/ottawaheritagefair.org\/wp-content\/uploads\/2025\/09\/Web11-Ottawa-Museum-Network-Currency-and-Money-Jolie-and-Audrey-Cedarview.jpg?resize=1024%2C669&#038;ssl=1\" alt=\"\" class=\"wp-image-9772\" srcset=\"https:\/\/i0.wp.com\/ottawaheritagefair.org\/wp-content\/uploads\/2025\/09\/Web11-Ottawa-Museum-Network-Currency-and-Money-Jolie-and-Audrey-Cedarview.jpg?resize=1024%2C669&amp;ssl=1 1024w, https:\/\/i0.wp.com\/ottawaheritagefair.org\/wp-content\/uploads\/2025\/09\/Web11-Ottawa-Museum-Network-Currency-and-Money-Jolie-and-Audrey-Cedarview.jpg?resize=300%2C196&amp;ssl=1 300w, https:\/\/i0.wp.com\/ottawaheritagefair.org\/wp-content\/uploads\/2025\/09\/Web11-Ottawa-Museum-Network-Currency-and-Money-Jolie-and-Audrey-Cedarview.jpg?resize=768%2C502&amp;ssl=1 768w, https:\/\/i0.wp.com\/ottawaheritagefair.org\/wp-content\/uploads\/2025\/09\/Web11-Ottawa-Museum-Network-Currency-and-Money-Jolie-and-Audrey-Cedarview.jpg?w=1531&amp;ssl=1 1531w\" sizes=\"auto, (max-width: 1000px) 100vw, 1000px\" \/><\/figure>\n\n\n\n<figure class=\"wp-block-image size-large\"><img data-recalc-dims=\"1\" loading=\"lazy\" decoding=\"async\" width=\"1024\" height=\"644\" data-id=\"9767\" src=\"https:\/\/i0.wp.com\/ottawaheritagefair.org\/wp-content\/uploads\/2025\/09\/Web12-HSO-Le-Chateau-Lafayette-Layla-and-Hanna-Cedarview.jpg?resize=1024%2C644&#038;ssl=1\" alt=\"\" class=\"wp-image-9767\" srcset=\"https:\/\/i0.wp.com\/ottawaheritagefair.org\/wp-content\/uploads\/2025\/09\/Web12-HSO-Le-Chateau-Lafayette-Layla-and-Hanna-Cedarview.jpg?resize=1024%2C644&amp;ssl=1 1024w, https:\/\/i0.wp.com\/ottawaheritagefair.org\/wp-content\/uploads\/2025\/09\/Web12-HSO-Le-Chateau-Lafayette-Layla-and-Hanna-Cedarview.jpg?resize=300%2C189&amp;ssl=1 300w, https:\/\/i0.wp.com\/ottawaheritagefair.org\/wp-content\/uploads\/2025\/09\/Web12-HSO-Le-Chateau-Lafayette-Layla-and-Hanna-Cedarview.jpg?resize=768%2C483&amp;ssl=1 768w, https:\/\/i0.wp.com\/ottawaheritagefair.org\/wp-content\/uploads\/2025\/09\/Web12-HSO-Le-Chateau-Lafayette-Layla-and-Hanna-Cedarview.jpg?resize=1536%2C965&amp;ssl=1 1536w, https:\/\/i0.wp.com\/ottawaheritagefair.org\/wp-content\/uploads\/2025\/09\/Web12-HSO-Le-Chateau-Lafayette-Layla-and-Hanna-Cedarview.jpg?w=1591&amp;ssl=1 1591w\" sizes=\"auto, (max-width: 1000px) 100vw, 1000px\" \/><\/figure>\n\n\n\n<figure class=\"wp-block-image size-large\"><img data-recalc-dims=\"1\" loading=\"lazy\" decoding=\"async\" width=\"685\" height=\"1024\" data-id=\"9763\" src=\"https:\/\/i0.wp.com\/ottawaheritagefair.org\/wp-content\/uploads\/2025\/09\/Web7-Heritage-Ottawa-Rideau-Canal-Michael.jpg?resize=685%2C1024&#038;ssl=1\" alt=\"\" class=\"wp-image-9763\" srcset=\"https:\/\/i0.wp.com\/ottawaheritagefair.org\/wp-content\/uploads\/2025\/09\/Web7-Heritage-Ottawa-Rideau-Canal-Michael.jpg?resize=685%2C1024&amp;ssl=1 685w, https:\/\/i0.wp.com\/ottawaheritagefair.org\/wp-content\/uploads\/2025\/09\/Web7-Heritage-Ottawa-Rideau-Canal-Michael.jpg?resize=201%2C300&amp;ssl=1 201w, https:\/\/i0.wp.com\/ottawaheritagefair.org\/wp-content\/uploads\/2025\/09\/Web7-Heritage-Ottawa-Rideau-Canal-Michael.jpg?resize=768%2C1147&amp;ssl=1 768w, https:\/\/i0.wp.com\/ottawaheritagefair.org\/wp-content\/uploads\/2025\/09\/Web7-Heritage-Ottawa-Rideau-Canal-Michael.jpg?w=1000&amp;ssl=1 1000w\" sizes=\"auto, (max-width: 685px) 100vw, 685px\" \/><\/figure>\n\n\n\n<figure class=\"wp-block-image size-large\"><img data-recalc-dims=\"1\" loading=\"lazy\" decoding=\"async\" width=\"1024\" height=\"746\" data-id=\"9768\" src=\"https:\/\/i0.wp.com\/ottawaheritagefair.org\/wp-content\/uploads\/2025\/09\/Web8-Capital-Connexion-la-guerre-froide.jpg?resize=1024%2C746&#038;ssl=1\" alt=\"\" class=\"wp-image-9768\" srcset=\"https:\/\/i0.wp.com\/ottawaheritagefair.org\/wp-content\/uploads\/2025\/09\/Web8-Capital-Connexion-la-guerre-froide.jpg?resize=1024%2C746&amp;ssl=1 1024w, https:\/\/i0.wp.com\/ottawaheritagefair.org\/wp-content\/uploads\/2025\/09\/Web8-Capital-Connexion-la-guerre-froide.jpg?resize=300%2C218&amp;ssl=1 300w, https:\/\/i0.wp.com\/ottawaheritagefair.org\/wp-content\/uploads\/2025\/09\/Web8-Capital-Connexion-la-guerre-froide.jpg?resize=768%2C559&amp;ssl=1 768w, https:\/\/i0.wp.com\/ottawaheritagefair.org\/wp-content\/uploads\/2025\/09\/Web8-Capital-Connexion-la-guerre-froide.jpg?w=1373&amp;ssl=1 1373w\" sizes=\"auto, (max-width: 1000px) 100vw, 1000px\" \/><\/figure>\n\n\n\n<figure class=\"wp-block-image size-large\"><img data-recalc-dims=\"1\" loading=\"lazy\" decoding=\"async\" width=\"1024\" height=\"656\" data-id=\"9773\" src=\"https:\/\/i0.wp.com\/ottawaheritagefair.org\/wp-content\/uploads\/2025\/09\/Web9-OHFA-First-Nations-60s-Scoop-Kaleah-and-Izzy-Eganville-1024x656.jpg?resize=1024%2C656&#038;ssl=1\" alt=\"\" class=\"wp-image-9773\" srcset=\"https:\/\/i0.wp.com\/ottawaheritagefair.org\/wp-content\/uploads\/2025\/09\/Web9-OHFA-First-Nations-60s-Scoop-Kaleah-and-Izzy-Eganville.jpg?resize=1024%2C656&amp;ssl=1 1024w, https:\/\/i0.wp.com\/ottawaheritagefair.org\/wp-content\/uploads\/2025\/09\/Web9-OHFA-First-Nations-60s-Scoop-Kaleah-and-Izzy-Eganville.jpg?resize=300%2C192&amp;ssl=1 300w, https:\/\/i0.wp.com\/ottawaheritagefair.org\/wp-content\/uploads\/2025\/09\/Web9-OHFA-First-Nations-60s-Scoop-Kaleah-and-Izzy-Eganville.jpg?resize=768%2C492&amp;ssl=1 768w, https:\/\/i0.wp.com\/ottawaheritagefair.org\/wp-content\/uploads\/2025\/09\/Web9-OHFA-First-Nations-60s-Scoop-Kaleah-and-Izzy-Eganville.jpg?resize=1536%2C985&amp;ssl=1 1536w, https:\/\/i0.wp.com\/ottawaheritagefair.org\/wp-content\/uploads\/2025\/09\/Web9-OHFA-First-Nations-60s-Scoop-Kaleah-and-Izzy-Eganville.jpg?w=1560&amp;ssl=1 1560w\" sizes=\"auto, (max-width: 1000px) 100vw, 1000px\" \/><\/figure>\n\n\n\n<figure class=\"wp-block-image size-large\"><img data-recalc-dims=\"1\" loading=\"lazy\" decoding=\"async\" width=\"1024\" height=\"671\" data-id=\"9771\" src=\"https:\/\/i0.wp.com\/ottawaheritagefair.org\/wp-content\/uploads\/2025\/09\/WEB1-CMH-winners-with-Caroline-Dromaguet.jpg?resize=1024%2C671&#038;ssl=1\" alt=\"\" class=\"wp-image-9771\" srcset=\"https:\/\/i0.wp.com\/ottawaheritagefair.org\/wp-content\/uploads\/2025\/09\/WEB1-CMH-winners-with-Caroline-Dromaguet.jpg?resize=1024%2C671&amp;ssl=1 1024w, https:\/\/i0.wp.com\/ottawaheritagefair.org\/wp-content\/uploads\/2025\/09\/WEB1-CMH-winners-with-Caroline-Dromaguet.jpg?resize=300%2C196&amp;ssl=1 300w, https:\/\/i0.wp.com\/ottawaheritagefair.org\/wp-content\/uploads\/2025\/09\/WEB1-CMH-winners-with-Caroline-Dromaguet.jpg?resize=768%2C503&amp;ssl=1 768w, https:\/\/i0.wp.com\/ottawaheritagefair.org\/wp-content\/uploads\/2025\/09\/WEB1-CMH-winners-with-Caroline-Dromaguet.jpg?w=1527&amp;ssl=1 1527w\" sizes=\"auto, (max-width: 1000px) 100vw, 1000px\" \/><\/figure>\n\n\n\n<figure class=\"wp-block-image size-large\"><img data-recalc-dims=\"1\" loading=\"lazy\" decoding=\"async\" width=\"1024\" height=\"683\" data-id=\"9774\" src=\"https:\/\/i0.wp.com\/ottawaheritagefair.org\/wp-content\/uploads\/2025\/09\/Web2-City-of-Ottawa-Lhistoire-Ottawa-Albert-and-Matthew-Westboro.jpg?resize=1024%2C683&#038;ssl=1\" alt=\"\" class=\"wp-image-9774\" srcset=\"https:\/\/i0.wp.com\/ottawaheritagefair.org\/wp-content\/uploads\/2025\/09\/Web2-City-of-Ottawa-Lhistoire-Ottawa-Albert-and-Matthew-Westboro.jpg?resize=1024%2C683&amp;ssl=1 1024w, https:\/\/i0.wp.com\/ottawaheritagefair.org\/wp-content\/uploads\/2025\/09\/Web2-City-of-Ottawa-Lhistoire-Ottawa-Albert-and-Matthew-Westboro.jpg?resize=300%2C200&amp;ssl=1 300w, https:\/\/i0.wp.com\/ottawaheritagefair.org\/wp-content\/uploads\/2025\/09\/Web2-City-of-Ottawa-Lhistoire-Ottawa-Albert-and-Matthew-Westboro.jpg?resize=768%2C512&amp;ssl=1 768w, https:\/\/i0.wp.com\/ottawaheritagefair.org\/wp-content\/uploads\/2025\/09\/Web2-City-of-Ottawa-Lhistoire-Ottawa-Albert-and-Matthew-Westboro.jpg?w=1500&amp;ssl=1 1500w\" sizes=\"auto, (max-width: 1000px) 100vw, 1000px\" \/><\/figure>\n\n\n\n<figure class=\"wp-block-image size-large\"><img data-recalc-dims=\"1\" loading=\"lazy\" decoding=\"async\" width=\"1024\" height=\"636\" data-id=\"9779\" src=\"https:\/\/i0.wp.com\/ottawaheritagefair.org\/wp-content\/uploads\/2025\/09\/Web3-Workers-Museum-Lesclavage-au-Canada-Cassandra-and-Sandiso-Mutchmor.jpg?resize=1024%2C636&#038;ssl=1\" alt=\"\" class=\"wp-image-9779\" srcset=\"https:\/\/i0.wp.com\/ottawaheritagefair.org\/wp-content\/uploads\/2025\/09\/Web3-Workers-Museum-Lesclavage-au-Canada-Cassandra-and-Sandiso-Mutchmor.jpg?resize=1024%2C636&amp;ssl=1 1024w, https:\/\/i0.wp.com\/ottawaheritagefair.org\/wp-content\/uploads\/2025\/09\/Web3-Workers-Museum-Lesclavage-au-Canada-Cassandra-and-Sandiso-Mutchmor.jpg?resize=300%2C186&amp;ssl=1 300w, https:\/\/i0.wp.com\/ottawaheritagefair.org\/wp-content\/uploads\/2025\/09\/Web3-Workers-Museum-Lesclavage-au-Canada-Cassandra-and-Sandiso-Mutchmor.jpg?resize=768%2C477&amp;ssl=1 768w, https:\/\/i0.wp.com\/ottawaheritagefair.org\/wp-content\/uploads\/2025\/09\/Web3-Workers-Museum-Lesclavage-au-Canada-Cassandra-and-Sandiso-Mutchmor.jpg?resize=1536%2C954&amp;ssl=1 1536w, https:\/\/i0.wp.com\/ottawaheritagefair.org\/wp-content\/uploads\/2025\/09\/Web3-Workers-Museum-Lesclavage-au-Canada-Cassandra-and-Sandiso-Mutchmor.jpg?w=1610&amp;ssl=1 1610w\" sizes=\"auto, (max-width: 1000px) 100vw, 1000px\" \/><\/figure>\n<\/figure>\n","protected":false},"excerpt":{"rendered":"","protected":false},"author":2,"featured_media":0,"parent":0,"menu_order":0,"comment_status":"closed","ping_status":"closed","template":"","meta":{"site-sidebar-layout":"default","site-content-layout":"default","ast-global-header-display":"","ast-banner-title-visibility":"","ast-main-header-display":"","ast-hfb-above-header-display":"","ast-hfb-below-header-display":"","ast-hfb-mobile-header-display":"","site-post-title":"","ast-breadcrumbs-content":"","ast-featured-img":"","footer-sml-layout":"","theme-transparent-header-meta":"","adv-header-id-meta":"","stick-header-meta":"","header-above-stick-meta":"","header-main-stick-meta":"","header-below-stick-meta":"","footnotes":""},"class_list":["post-9787","page","type-page","status-publish","hentry"],"jetpack_sharing_enabled":true,"_links":{"self":[{"href":"https:\/\/ottawaheritagefair.org\/fr\/wp-json\/wp\/v2\/pages\/9787","targetHints":{"allow":["GET"]}}],"collection":[{"href":"https:\/\/ottawaheritagefair.org\/fr\/wp-json\/wp\/v2\/pages"}],"about":[{"href":"https:\/\/ottawaheritagefair.org\/fr\/wp-json\/wp\/v2\/types\/page"}],"author":[{"embeddable":true,"href":"https:\/\/ottawaheritagefair.org\/fr\/wp-json\/wp\/v2\/users\/2"}],"replies":[{"embeddable":true,"href":"https:\/\/ottawaheritagefair.org\/fr\/wp-json\/wp\/v2\/comments?post=9787"}],"version-history":[{"count":1,"href":"https:\/\/ottawaheritagefair.org\/fr\/wp-json\/wp\/v2\/pages\/9787\/revisions"}],"predecessor-version":[{"id":9788,"href":"https:\/\/ottawaheritagefair.org\/fr\/wp-json\/wp\/v2\/pages\/9787\/revisions\/9788"}],"wp:attachment":[{"href":"https:\/\/ottawaheritagefair.org\/fr\/wp-json\/wp\/v2\/media?parent=9787"}],"curies":[{"name":"wp","href":"https:\/\/api.w.org\/{rel}","templated":true}]}}